{"id":14796,"date":"2023-05-17T17:37:08","date_gmt":"2023-05-17T15:37:08","guid":{"rendered":"https:\/\/tenado.de\/zorganizuj-prezentacje\/"},"modified":"2025-09-04T14:01:07","modified_gmt":"2025-09-04T12:01:07","slug":"zorganizuj-prezentacje","status":"publish","type":"page","link":"https:\/\/tenado.de\/pl\/zorganizuj-prezentacje\/","title":{"rendered":"Zorganizuj prezentacj\u0119"},"content":{"rendered":"\t\t<div data-elementor-type=\"wp-page\" data-elementor-id=\"14796\" class=\"elementor elementor-14796 elementor-11554\" data-elementor-post-type=\"page\">\n\t\t\t\t\t\t<section class=\"elementor-section elementor-top-section elementor-element elementor-element-165d995f elementor-section-boxed elementor-section-height-default elementor-section-height-default\" data-id=\"165d995f\" data-element_type=\"section\" data-e-type=\"section\" id=\"single-post\" data-settings=\"{&quot;background_background&quot;:&quot;classic&quot;}\">\n\t\t\t\t\t\t\t<div class=\"elementor-background-overlay\"><\/div>\n\t\t\t\t\t\t\t<div class=\"elementor-container elementor-column-gap-wide\">\n\t\t\t\t\t<div class=\"elementor-column elementor-col-50 elementor-top-column elementor-element elementor-element-71e2f622\" data-id=\"71e2f622\" data-element_type=\"column\" data-e-type=\"column\">\n\t\t\t<div class=\"elementor-widget-wrap elementor-element-populated\">\n\t\t\t\t\t\t<div class=\"elementor-element elementor-element-15d6d725 elementor-widget elementor-widget-heading\" data-id=\"15d6d725\" data-element_type=\"widget\" data-e-type=\"widget\" data-widget_type=\"heading.default\">\n\t\t\t\t<div class=\"elementor-widget-container\">\n\t\t\t\t\t<h2 class=\"elementor-heading-title elementor-size-default\">Skontaktuj si\u0119 z nami<\/h2>\t\t\t\t<\/div>\n\t\t\t\t<\/div>\n\t\t\t\t<div class=\"elementor-element elementor-element-2ad97f82 elementor-widget elementor-widget-heading\" data-id=\"2ad97f82\" data-element_type=\"widget\" data-e-type=\"widget\" data-widget_type=\"heading.default\">\n\t\t\t\t<div class=\"elementor-widget-container\">\n\t\t\t\t\t<h3 class=\"elementor-heading-title elementor-size-default\">Wype\u0142nij formularz, a ekspert ds. produkt\u00f3w TENADO wkr\u00f3tce si\u0119 z Tob\u0105 skontaktuje.<\/h3>\t\t\t\t<\/div>\n\t\t\t\t<\/div>\n\t\t\t\t<div class=\"elementor-element elementor-element-0e7bd4b elementor-widget elementor-widget-heading\" data-id=\"0e7bd4b\" data-element_type=\"widget\" data-e-type=\"widget\" data-widget_type=\"heading.default\">\n\t\t\t\t<div class=\"elementor-widget-container\">\n\t\t\t\t\t<h2 class=\"elementor-heading-title elementor-size-default\">Czy potrzebujesz wsparcia?<\/h2>\t\t\t\t<\/div>\n\t\t\t\t<\/div>\n\t\t\t\t<div class=\"elementor-element elementor-element-7986e5b diamond-btn-orange elementor-widget elementor-widget-button\" data-id=\"7986e5b\" data-element_type=\"widget\" data-e-type=\"widget\" data-widget_type=\"button.default\">\n\t\t\t\t<div class=\"elementor-widget-container\">\n\t\t\t\t\t\t\t\t\t<div class=\"elementor-button-wrapper\">\n\t\t\t\t\t<a class=\"elementor-button elementor-button-link elementor-size-sm\" href=\"https:\/\/support.revalizesoftware.com\/login\" target=\"_blank\">\n\t\t\t\t\t\t<span class=\"elementor-button-content-wrapper\">\n\t\t\t\t\t\t\t\t\t<span class=\"elementor-button-text\">Odwied\u017a nasz portal pomocy technicznej<\/span>\n\t\t\t\t\t<\/span>\n\t\t\t\t\t<\/a>\n\t\t\t\t<\/div>\n\t\t\t\t\t\t\t\t<\/div>\n\t\t\t\t<\/div>\n\t\t\t\t<div class=\"elementor-element elementor-element-ce0ebff elementor-widget elementor-widget-heading\" data-id=\"ce0ebff\" data-element_type=\"widget\" data-e-type=\"widget\" data-widget_type=\"heading.default\">\n\t\t\t\t<div class=\"elementor-widget-container\">\n\t\t\t\t\t<h3 class=\"elementor-heading-title elementor-size-default\">Nasze biura<\/h3>\t\t\t\t<\/div>\n\t\t\t\t<\/div>\n\t\t\t\t<div class=\"elementor-element elementor-element-6758144 elementor-widget elementor-widget-heading\" data-id=\"6758144\" data-element_type=\"widget\" data-e-type=\"widget\" data-widget_type=\"heading.default\">\n\t\t\t\t<div class=\"elementor-widget-container\">\n\t\t\t\t\t<h4 class=\"elementor-heading-title elementor-size-default\">USA<\/h4>\t\t\t\t<\/div>\n\t\t\t\t<\/div>\n\t\t\t\t<div class=\"elementor-element elementor-element-6040fd6 elementor-widget elementor-widget-text-editor\" data-id=\"6040fd6\" data-element_type=\"widget\" data-e-type=\"widget\" data-widget_type=\"text-editor.default\">\n\t\t\t\t<div class=\"elementor-widget-container\">\n\t\t\t\t\t\t\t\t\t50 N Laura St.<br>\nSuite 2500,<br>\nJacksonville, FL 32202<br>\nUnited States<br>\n<a style=\"color: #111925;\" href=\"mailto:info@revalizesoftware.com\">info@revalizesoftware.com<\/a>\t\t\t\t\t\t\t\t<\/div>\n\t\t\t\t<\/div>\n\t\t\t\t<div class=\"elementor-element elementor-element-3a93238 elementor-widget elementor-widget-heading\" data-id=\"3a93238\" data-element_type=\"widget\" data-e-type=\"widget\" data-widget_type=\"heading.default\">\n\t\t\t\t<div class=\"elementor-widget-container\">\n\t\t\t\t\t<h4 class=\"elementor-heading-title elementor-size-default\">Niemcy<\/h4>\t\t\t\t<\/div>\n\t\t\t\t<\/div>\n\t\t\t\t<div class=\"elementor-element elementor-element-47793ca elementor-widget elementor-widget-text-editor\" data-id=\"47793ca\" data-element_type=\"widget\" data-e-type=\"widget\" data-widget_type=\"text-editor.default\">\n\t\t\t\t<div class=\"elementor-widget-container\">\n\t\t\t\t\t\t\t\t\t<p>Vierhausstra\u00dfe 112<br \/>44807 Bochum<\/p><p><strong>Godziny otwarcia:<\/strong><br \/>od poniedzia\u0142ku do pi\u0105tku od 7:00 do 17:00<\/p><p><strong>Telefon:<\/strong> +49 234 9559 &#8211; 0<\/p>\t\t\t\t\t\t\t\t<\/div>\n\t\t\t\t<\/div>\n\t\t\t\t\t<\/div>\n\t\t<\/div>\n\t\t\t\t<div class=\"elementor-column elementor-col-50 elementor-top-column elementor-element elementor-element-651c8a63\" data-id=\"651c8a63\" data-element_type=\"column\" data-e-type=\"column\" data-settings=\"{&quot;background_background&quot;:&quot;classic&quot;}\">\n\t\t\t<div class=\"elementor-widget-wrap elementor-element-populated\">\n\t\t\t\t\t\t<div class=\"elementor-element elementor-element-b550fe1 elementor-widget elementor-widget-shortcode\" data-id=\"b550fe1\" data-element_type=\"widget\" data-e-type=\"widget\" data-widget_type=\"shortcode.default\">\n\t\t\t\t<div class=\"elementor-widget-container\">\n\t\t\t\t\t\t\t<div class=\"elementor-shortcode\">\n\t\t\t\t\t\t<script>\n\t\t\t\t\t\t\twindow.hsFormsOnReady = window.hsFormsOnReady || [];\n\t\t\t\t\t\t\twindow.hsFormsOnReady.push(()=>{\n\t\t\t\t\t\t\t\thbspt.forms.create({\n\t\t\t\t\t\t\t\t\tportalId: 4541184,\n\t\t\t\t\t\t\t\t\tformId: \"f349627f-f56e-4146-9872-f2bc983b407f\",\n\t\t\t\t\t\t\t\t\ttarget: \"#hbspt-form-1776589707000-5739529694\",\n\t\t\t\t\t\t\t\t\tregion: \"na1\",\n\t\t\t\t\t\t\t\t\t\n\t\t\t\t\t\t\t})});\n\t\t\t\t\t\t<\/script>\n\t\t\t\t\t\t<div class=\"hbspt-form\" id=\"hbspt-form-1776589707000-5739529694\"><\/div><\/div>\n\t\t\t\t\t\t<\/div>\n\t\t\t\t<\/div>\n\t\t\t\t\t<\/div>\n\t\t<\/div>\n\t\t\t\t\t<\/div>\n\t\t<\/section>\n\t\t\t\t<\/div>\n\t\t","protected":false},"excerpt":{"rendered":"<p>Skontaktuj si\u0119 z nami Wype\u0142nij formularz, a ekspert ds. produkt\u00f3w TENADO wkr\u00f3tce si\u0119 z Tob\u0105 skontaktuje. Czy potrzebujesz wsparcia? Odwied\u017a nasz portal pomocy technicznej Nasze biura USA 50 N Laura St. Suite 2500, Jacksonville, FL 32202 United States info@revalizesoftware.com Niemcy Vierhausstra\u00dfe 11244807 Bochum Godziny otwarcia:od poniedzia\u0142ku do pi\u0105tku od 7:00 do 17:00 Telefon: +49 234 [&hellip;]<\/p>\n","protected":false},"author":12,"featured_media":0,"parent":0,"menu_order":0,"comment_status":"closed","ping_status":"closed","template":"","meta":{"content-type":"","inline_featured_image":false,"footnotes":""},"class_list":["post-14796","page","type-page","status-publish","hentry"],"yoast_head":"<!-- This site is optimized with the Yoast SEO plugin v27.4 - https:\/\/yoast.com\/product\/yoast-seo-wordpress\/ -->\n<title>Zorganizuj prezentacj\u0119 | TENADO<\/title>\n<meta name=\"description\" content=\"Masz pytania dotycz\u0105ce oprogramowania TENADO? Daj nam zna\u0107, jak mo\u017cemy Ci pom\u00f3c.\" \/>\n<meta name=\"robots\" content=\"index, follow, max-snippet:-1, max-image-preview:large, max-video-preview:-1\" \/>\n<link rel=\"canonical\" href=\"https:\/\/tenado.de\/pl\/zorganizuj-prezentacje\/\" \/>\n<meta property=\"og:locale\" content=\"pl_PL\" \/>\n<meta property=\"og:type\" content=\"article\" \/>\n<meta property=\"og:title\" content=\"Zorganizuj prezentacj\u0119 | TENADO\" \/>\n<meta property=\"og:description\" content=\"Masz pytania dotycz\u0105ce oprogramowania TENADO? Daj nam zna\u0107, jak mo\u017cemy Ci pom\u00f3c.\" \/>\n<meta property=\"og:url\" content=\"https:\/\/tenado.de\/pl\/zorganizuj-prezentacje\/\" \/>\n<meta property=\"og:site_name\" content=\"TENADO\" \/>\n<meta property=\"article:publisher\" content=\"https:\/\/www.facebook.com\/revalize\/\" \/>\n<meta property=\"article:modified_time\" content=\"2025-09-04T12:01:07+00:00\" \/>\n<meta property=\"og:image\" content=\"https:\/\/tenado.de\/wp-content\/uploads\/2023\/05\/TENADO-From-Revalize-logo.webp\" \/>\n\t<meta property=\"og:image:width\" content=\"640\" \/>\n\t<meta property=\"og:image:height\" content=\"156\" \/>\n\t<meta property=\"og:image:type\" content=\"image\/webp\" \/>\n<meta name=\"twitter:card\" content=\"summary_large_image\" \/>\n<meta name=\"twitter:site\" content=\"@revalize\" \/>\n<meta name=\"twitter:label1\" content=\"Szacowany czas czytania\" \/>\n\t<meta name=\"twitter:data1\" content=\"1 minuta\" \/>\n<script type=\"application\/ld+json\" class=\"yoast-schema-graph\">{\"@context\":\"https:\\\/\\\/schema.org\",\"@graph\":[{\"@type\":\"WebPage\",\"@id\":\"https:\\\/\\\/tenado.de\\\/pl\\\/zorganizuj-prezentacje\\\/\",\"url\":\"https:\\\/\\\/tenado.de\\\/pl\\\/zorganizuj-prezentacje\\\/\",\"name\":\"Zorganizuj prezentacj\u0119 | TENADO\",\"isPartOf\":{\"@id\":\"https:\\\/\\\/tenado.de\\\/pl\\\/#website\"},\"datePublished\":\"2023-05-17T15:37:08+00:00\",\"dateModified\":\"2025-09-04T12:01:07+00:00\",\"description\":\"Masz pytania dotycz\u0105ce oprogramowania TENADO? Daj nam zna\u0107, jak mo\u017cemy Ci pom\u00f3c.\",\"breadcrumb\":{\"@id\":\"https:\\\/\\\/tenado.de\\\/pl\\\/zorganizuj-prezentacje\\\/#breadcrumb\"},\"inLanguage\":\"pl-PL\",\"potentialAction\":[{\"@type\":\"ReadAction\",\"target\":[\"https:\\\/\\\/tenado.de\\\/pl\\\/zorganizuj-prezentacje\\\/\"]}]},{\"@type\":\"BreadcrumbList\",\"@id\":\"https:\\\/\\\/tenado.de\\\/pl\\\/zorganizuj-prezentacje\\\/#breadcrumb\",\"itemListElement\":[{\"@type\":\"ListItem\",\"position\":1,\"name\":\"Home\",\"item\":\"https:\\\/\\\/tenado.de\\\/pl\\\/\"},{\"@type\":\"ListItem\",\"position\":2,\"name\":\"Zorganizuj prezentacj\u0119\"}]},{\"@type\":\"WebSite\",\"@id\":\"https:\\\/\\\/tenado.de\\\/pl\\\/#website\",\"url\":\"https:\\\/\\\/tenado.de\\\/pl\\\/\",\"name\":\"TENADO\",\"description\":\"\",\"publisher\":{\"@id\":\"https:\\\/\\\/tenado.de\\\/pl\\\/#organization\"},\"potentialAction\":[{\"@type\":\"SearchAction\",\"target\":{\"@type\":\"EntryPoint\",\"urlTemplate\":\"https:\\\/\\\/tenado.de\\\/pl\\\/?s={search_term_string}\"},\"query-input\":{\"@type\":\"PropertyValueSpecification\",\"valueRequired\":true,\"valueName\":\"search_term_string\"}}],\"inLanguage\":\"pl-PL\"},{\"@type\":\"Organization\",\"@id\":\"https:\\\/\\\/tenado.de\\\/pl\\\/#organization\",\"name\":\"TENADO\",\"url\":\"https:\\\/\\\/tenado.de\\\/pl\\\/\",\"logo\":{\"@type\":\"ImageObject\",\"inLanguage\":\"pl-PL\",\"@id\":\"https:\\\/\\\/tenado.de\\\/pl\\\/#\\\/schema\\\/logo\\\/image\\\/\",\"url\":\"https:\\\/\\\/tenado.de\\\/wp-content\\\/uploads\\\/2023\\\/05\\\/TENADO-From-Revalize-logo.png\",\"contentUrl\":\"https:\\\/\\\/tenado.de\\\/wp-content\\\/uploads\\\/2023\\\/05\\\/TENADO-From-Revalize-logo.png\",\"width\":640,\"height\":156,\"caption\":\"TENADO\"},\"image\":{\"@id\":\"https:\\\/\\\/tenado.de\\\/pl\\\/#\\\/schema\\\/logo\\\/image\\\/\"},\"sameAs\":[\"https:\\\/\\\/www.facebook.com\\\/revalize\\\/\",\"https:\\\/\\\/x.com\\\/revalize\",\"https:\\\/\\\/www.linkedin.com\\\/company\\\/revalize\\\/\"]}]}<\/script>\n<!-- \/ Yoast SEO plugin. -->","yoast_head_json":{"title":"Zorganizuj prezentacj\u0119 | TENADO","description":"Masz pytania dotycz\u0105ce oprogramowania TENADO? Daj nam zna\u0107, jak mo\u017cemy Ci pom\u00f3c.","robots":{"index":"index","follow":"follow","max-snippet":"max-snippet:-1","max-image-preview":"max-image-preview:large","max-video-preview":"max-video-preview:-1"},"canonical":"https:\/\/tenado.de\/pl\/zorganizuj-prezentacje\/","og_locale":"pl_PL","og_type":"article","og_title":"Zorganizuj prezentacj\u0119 | TENADO","og_description":"Masz pytania dotycz\u0105ce oprogramowania TENADO? Daj nam zna\u0107, jak mo\u017cemy Ci pom\u00f3c.","og_url":"https:\/\/tenado.de\/pl\/zorganizuj-prezentacje\/","og_site_name":"TENADO","article_publisher":"https:\/\/www.facebook.com\/revalize\/","article_modified_time":"2025-09-04T12:01:07+00:00","og_image":[{"width":640,"height":156,"url":"https:\/\/tenado.de\/wp-content\/uploads\/2023\/05\/TENADO-From-Revalize-logo.webp","type":"image\/webp"}],"twitter_card":"summary_large_image","twitter_site":"@revalize","twitter_misc":{"Szacowany czas czytania":"1 minuta"},"schema":{"@context":"https:\/\/schema.org","@graph":[{"@type":"WebPage","@id":"https:\/\/tenado.de\/pl\/zorganizuj-prezentacje\/","url":"https:\/\/tenado.de\/pl\/zorganizuj-prezentacje\/","name":"Zorganizuj prezentacj\u0119 | TENADO","isPartOf":{"@id":"https:\/\/tenado.de\/pl\/#website"},"datePublished":"2023-05-17T15:37:08+00:00","dateModified":"2025-09-04T12:01:07+00:00","description":"Masz pytania dotycz\u0105ce oprogramowania TENADO? Daj nam zna\u0107, jak mo\u017cemy Ci pom\u00f3c.","breadcrumb":{"@id":"https:\/\/tenado.de\/pl\/zorganizuj-prezentacje\/#breadcrumb"},"inLanguage":"pl-PL","potentialAction":[{"@type":"ReadAction","target":["https:\/\/tenado.de\/pl\/zorganizuj-prezentacje\/"]}]},{"@type":"BreadcrumbList","@id":"https:\/\/tenado.de\/pl\/zorganizuj-prezentacje\/#breadcrumb","itemListElement":[{"@type":"ListItem","position":1,"name":"Home","item":"https:\/\/tenado.de\/pl\/"},{"@type":"ListItem","position":2,"name":"Zorganizuj prezentacj\u0119"}]},{"@type":"WebSite","@id":"https:\/\/tenado.de\/pl\/#website","url":"https:\/\/tenado.de\/pl\/","name":"TENADO","description":"","publisher":{"@id":"https:\/\/tenado.de\/pl\/#organization"},"potentialAction":[{"@type":"SearchAction","target":{"@type":"EntryPoint","urlTemplate":"https:\/\/tenado.de\/pl\/?s={search_term_string}"},"query-input":{"@type":"PropertyValueSpecification","valueRequired":true,"valueName":"search_term_string"}}],"inLanguage":"pl-PL"},{"@type":"Organization","@id":"https:\/\/tenado.de\/pl\/#organization","name":"TENADO","url":"https:\/\/tenado.de\/pl\/","logo":{"@type":"ImageObject","inLanguage":"pl-PL","@id":"https:\/\/tenado.de\/pl\/#\/schema\/logo\/image\/","url":"https:\/\/tenado.de\/wp-content\/uploads\/2023\/05\/TENADO-From-Revalize-logo.png","contentUrl":"https:\/\/tenado.de\/wp-content\/uploads\/2023\/05\/TENADO-From-Revalize-logo.png","width":640,"height":156,"caption":"TENADO"},"image":{"@id":"https:\/\/tenado.de\/pl\/#\/schema\/logo\/image\/"},"sameAs":["https:\/\/www.facebook.com\/revalize\/","https:\/\/x.com\/revalize","https:\/\/www.linkedin.com\/company\/revalize\/"]}]}},"_links":{"self":[{"href":"https:\/\/tenado.de\/pl\/wp-json\/wp\/v2\/pages\/14796","targetHints":{"allow":["GET"]}}],"collection":[{"href":"https:\/\/tenado.de\/pl\/wp-json\/wp\/v2\/pages"}],"about":[{"href":"https:\/\/tenado.de\/pl\/wp-json\/wp\/v2\/types\/page"}],"author":[{"embeddable":true,"href":"https:\/\/tenado.de\/pl\/wp-json\/wp\/v2\/users\/12"}],"replies":[{"embeddable":true,"href":"https:\/\/tenado.de\/pl\/wp-json\/wp\/v2\/comments?post=14796"}],"version-history":[{"count":0,"href":"https:\/\/tenado.de\/pl\/wp-json\/wp\/v2\/pages\/14796\/revisions"}],"wp:attachment":[{"href":"https:\/\/tenado.de\/pl\/wp-json\/wp\/v2\/media?parent=14796"}],"curies":[{"name":"wp","href":"https:\/\/api.w.org\/{rel}","templated":true}]}}