{"id":12539,"date":"2023-05-16T17:46:27","date_gmt":"2023-05-16T15:46:27","guid":{"rendered":"https:\/\/tenado.de\/live-presentation\/"},"modified":"2026-02-26T13:24:27","modified_gmt":"2026-02-26T12:24:27","slug":"prezentacja-na-zywo","status":"publish","type":"page","link":"https:\/\/tenado.de\/pl\/prezentacja-na-zywo\/","title":{"rendered":"Prezentacja na \u017cywo"},"content":{"rendered":"\t\t<div data-elementor-type=\"wp-page\" data-elementor-id=\"12539\" class=\"elementor elementor-12539 elementor-11320\" data-elementor-post-type=\"page\">\n\t\t\t\t\t\t<section class=\"elementor-section elementor-top-section elementor-element elementor-element-35d5e28 elementor-section-content-middle elementor-reverse-mobile elementor-section-boxed elementor-section-height-default elementor-section-height-default\" data-id=\"35d5e28\" data-element_type=\"section\" data-e-type=\"section\">\n\t\t\t\t\t\t<div class=\"elementor-container elementor-column-gap-default\">\n\t\t\t\t\t<div class=\"elementor-column elementor-col-50 elementor-top-column elementor-element elementor-element-1352412\" data-id=\"1352412\" data-element_type=\"column\" data-e-type=\"column\">\n\t\t\t<div class=\"elementor-widget-wrap elementor-element-populated\">\n\t\t\t\t\t\t<div class=\"elementor-element elementor-element-e865be7 elementor-widget elementor-widget-heading\" data-id=\"e865be7\" data-element_type=\"widget\" data-e-type=\"widget\" data-widget_type=\"heading.default\">\n\t\t\t\t<div class=\"elementor-widget-container\">\n\t\t\t\t\t<h2 class=\"elementor-heading-title elementor-size-default\">Prezentacja na \u017cywo<\/h2>\t\t\t\t<\/div>\n\t\t\t\t<\/div>\n\t\t\t\t<div class=\"elementor-element elementor-element-d338a86 elementor-widget elementor-widget-heading\" data-id=\"d338a86\" data-element_type=\"widget\" data-e-type=\"widget\" data-widget_type=\"heading.default\">\n\t\t\t\t<div class=\"elementor-widget-container\">\n\t\t\t\t\t<h2 class=\"elementor-heading-title elementor-size-default\">Nasi eksperci bezp\u0142atnie i bez zobowi\u0105za\u0144 poka\u017c\u0105 Ci, jak dzia\u0142a oprogramowanie TENADO i kt\u00f3re funkcje mog\u0105 zaoszcz\u0119dzi\u0107 Ci wiele pracy.  <br><br>Dost\u0119pne od poniedzia\u0142ku do pi\u0105tku w godzinach 07:00-17:00.<\/h2>\t\t\t\t<\/div>\n\t\t\t\t<\/div>\n\t\t\t\t\t<\/div>\n\t\t<\/div>\n\t\t\t\t<div class=\"elementor-column elementor-col-50 elementor-top-column elementor-element elementor-element-68d1907\" data-id=\"68d1907\" data-element_type=\"column\" data-e-type=\"column\">\n\t\t\t<div class=\"elementor-widget-wrap elementor-element-populated\">\n\t\t\t\t\t\t<div class=\"elementor-element elementor-element-1034178 elementor-widget elementor-widget-image\" data-id=\"1034178\" data-element_type=\"widget\" data-e-type=\"widget\" data-widget_type=\"image.default\">\n\t\t\t\t<div class=\"elementor-widget-container\">\n\t\t\t\t\t\t\t\t\t\t\t\t\t\t\t<img fetchpriority=\"high\" decoding=\"async\" width=\"687\" height=\"802\" src=\"https:\/\/tenado.de\/wp-content\/uploads\/2023\/12\/t-presentation-hero.webp\" class=\"attachment-large size-large wp-image-13643\" alt=\"\" \/>\t\t\t\t\t\t\t\t\t\t\t\t\t\t\t<\/div>\n\t\t\t\t<\/div>\n\t\t\t\t\t<\/div>\n\t\t<\/div>\n\t\t\t\t\t<\/div>\n\t\t<\/section>\n\t\t\t\t<section class=\"elementor-section elementor-top-section elementor-element elementor-element-48652a1 elementor-section-content-middle elementor-reverse-mobile elementor-section-boxed elementor-section-height-default elementor-section-height-default\" data-id=\"48652a1\" data-element_type=\"section\" data-e-type=\"section\" data-settings=\"{&quot;background_background&quot;:&quot;classic&quot;}\">\n\t\t\t\t\t\t\t<div class=\"elementor-background-overlay\"><\/div>\n\t\t\t\t\t\t\t<div class=\"elementor-container elementor-column-gap-wide\">\n\t\t\t\t\t<div class=\"elementor-column elementor-col-100 elementor-top-column elementor-element elementor-element-5ee11e0\" data-id=\"5ee11e0\" data-element_type=\"column\" data-e-type=\"column\">\n\t\t\t<div class=\"elementor-widget-wrap elementor-element-populated\">\n\t\t\t\t\t\t<div class=\"elementor-element elementor-element-954a370 elementor-widget elementor-widget-heading\" data-id=\"954a370\" data-element_type=\"widget\" data-e-type=\"widget\" data-widget_type=\"heading.default\">\n\t\t\t\t<div class=\"elementor-widget-container\">\n\t\t\t\t\t<h2 class=\"elementor-heading-title elementor-size-default\">Ogl\u0105danie nic nie kosztuje!<\/h2>\t\t\t\t<\/div>\n\t\t\t\t<\/div>\n\t\t\t\t<div class=\"elementor-element elementor-element-6fe2640 elementor-widget elementor-widget-heading\" data-id=\"6fe2640\" data-element_type=\"widget\" data-e-type=\"widget\" data-widget_type=\"heading.default\">\n\t\t\t\t<div class=\"elementor-widget-container\">\n\t\t\t\t\t<h2 class=\"elementor-heading-title elementor-size-default\">Wystarczy wypr\u00f3bowa\u0107 oprogramowanie TENADO.<\/h2>\t\t\t\t<\/div>\n\t\t\t\t<\/div>\n\t\t\t\t<div class=\"elementor-element elementor-element-aa53cd0 elementor-widget elementor-widget-text-editor\" data-id=\"aa53cd0\" data-element_type=\"widget\" data-e-type=\"widget\" data-widget_type=\"text-editor.default\">\n\t\t\t\t<div class=\"elementor-widget-container\">\n\t\t\t\t\t\t\t\t\t<p><strong>Bezp\u0142atnie, niezobowi\u0105zuj\u0105co i z porad\u0105 eksperta<br><\/strong>Poznaj nasze oprogramowanie bezp\u0142atnie, bez konieczno\u015bci sp\u0119dzania godzin na klikaniu w wersj\u0119 demonstracyjn\u0105 lub pr\u00f3bn\u0105. Nasz ekspert jest dost\u0119pny, aby pokaza\u0107 Ci wszystko, co musisz wiedzie\u0107 i odpowiedzie\u0107 na Twoje pytania. <\/p>\n<p><strong>Twoje korzy\u015bci:<br><\/strong>Nie wymaga instalacji, czytania instrukcji ani szkolenia. Ty ustalasz dat\u0119 &#8211; my zajmujemy si\u0119 reszt\u0105. <\/p>\t\t\t\t\t\t\t\t<\/div>\n\t\t\t\t<\/div>\n\t\t\t\t\t<\/div>\n\t\t<\/div>\n\t\t\t\t\t<\/div>\n\t\t<\/section>\n\t\t<div class=\"elementor-element elementor-element-7730aa0 e-flex e-con-boxed e-con e-parent\" data-id=\"7730aa0\" data-element_type=\"container\" data-e-type=\"container\" data-settings=\"{&quot;background_background&quot;:&quot;classic&quot;}\">\n\t\t\t\t\t<div class=\"e-con-inner\">\n\t\t<div class=\"elementor-element elementor-element-38b345b e-flex e-con-boxed e-con e-child\" data-id=\"38b345b\" data-element_type=\"container\" data-e-type=\"container\" data-settings=\"{&quot;background_background&quot;:&quot;classic&quot;}\">\n\t\t\t\t\t<div class=\"e-con-inner\">\n\t\t\t\t<div class=\"elementor-element elementor-element-c09686a elementor-widget elementor-widget-shortcode\" data-id=\"c09686a\" data-element_type=\"widget\" data-e-type=\"widget\" data-widget_type=\"shortcode.default\">\n\t\t\t\t<div class=\"elementor-widget-container\">\n\t\t\t\t\t\t\t<div class=\"elementor-shortcode\">\n\t\t\t\t\t\t<script>\n\t\t\t\t\t\t\twindow.hsFormsOnReady = window.hsFormsOnReady || [];\n\t\t\t\t\t\t\twindow.hsFormsOnReady.push(()=>{\n\t\t\t\t\t\t\t\thbspt.forms.create({\n\t\t\t\t\t\t\t\t\tportalId: 4541184,\n\t\t\t\t\t\t\t\t\tformId: \"07d30bfb-94f0-4845-ab11-9beee1d4deb4\",\n\t\t\t\t\t\t\t\t\ttarget: \"#hbspt-form-1777605340000-0065151159\",\n\t\t\t\t\t\t\t\t\tregion: \"na1\",\n\t\t\t\t\t\t\t\t\t\n\t\t\t\t\t\t\t})});\n\t\t\t\t\t\t<\/script>\n\t\t\t\t\t\t<div class=\"hbspt-form\" id=\"hbspt-form-1777605340000-0065151159\"><\/div><\/div>\n\t\t\t\t\t\t<\/div>\n\t\t\t\t<\/div>\n\t\t\t\t\t<\/div>\n\t\t\t\t<\/div>\n\t\t\t\t\t<\/div>\n\t\t\t\t<\/div>\n\t\t\t\t<\/div>\n\t\t","protected":false},"excerpt":{"rendered":"<p>Prezentacja na \u017cywo Nasi eksperci bezp\u0142atnie i bez zobowi\u0105za\u0144 poka\u017c\u0105 Ci, jak dzia\u0142a oprogramowanie TENADO i kt\u00f3re funkcje mog\u0105 zaoszcz\u0119dzi\u0107 Ci wiele pracy. Dost\u0119pne od poniedzia\u0142ku do pi\u0105tku w godzinach 07:00-17:00. Ogl\u0105danie nic nie kosztuje! Wystarczy wypr\u00f3bowa\u0107 oprogramowanie TENADO. Bezp\u0142atnie, niezobowi\u0105zuj\u0105co i z porad\u0105 ekspertaPoznaj nasze oprogramowanie bezp\u0142atnie, bez konieczno\u015bci sp\u0119dzania godzin na klikaniu w [&hellip;]<\/p>\n","protected":false},"author":12,"featured_media":0,"parent":0,"menu_order":37,"comment_status":"closed","ping_status":"closed","template":"","meta":{"content-type":"","inline_featured_image":false,"footnotes":""},"class_list":["post-12539","page","type-page","status-publish","hentry"],"yoast_head":"<!-- This site is optimized with the Yoast SEO plugin v27.5 - https:\/\/yoast.com\/product\/yoast-seo-wordpress\/ -->\n<title>Prezentacja na \u017cywo | TENADO<\/title>\n<meta name=\"description\" content=\"Lepsze ni\u017c wersja demo: Podczas prezentacji TENADO na \u017cywo, nasz ekspert TENADO poka\u017ce Ci na \u017cywo na Twoim komputerze, jakie masz mo\u017cliwo\u015bci z naszym oprogramowaniem. Bezp\u0142atnie i bez zobowi\u0105za\u0144.\" \/>\n<meta name=\"robots\" content=\"index, follow, max-snippet:-1, max-image-preview:large, max-video-preview:-1\" \/>\n<link rel=\"canonical\" href=\"https:\/\/tenado.de\/pl\/prezentacja-na-zywo\/\" \/>\n<meta property=\"og:locale\" content=\"pl_PL\" \/>\n<meta property=\"og:type\" content=\"article\" \/>\n<meta property=\"og:title\" content=\"Prezentacja na \u017cywo | TENADO\" \/>\n<meta property=\"og:description\" content=\"Lepsze ni\u017c wersja demo: Podczas prezentacji TENADO na \u017cywo, nasz ekspert TENADO poka\u017ce Ci na \u017cywo na Twoim komputerze, jakie masz mo\u017cliwo\u015bci z naszym oprogramowaniem. Bezp\u0142atnie i bez zobowi\u0105za\u0144.\" \/>\n<meta property=\"og:url\" content=\"https:\/\/tenado.de\/pl\/prezentacja-na-zywo\/\" \/>\n<meta property=\"og:site_name\" content=\"TENADO\" \/>\n<meta property=\"article:publisher\" content=\"https:\/\/www.facebook.com\/revalize\/\" \/>\n<meta property=\"article:modified_time\" content=\"2026-02-26T12:24:27+00:00\" \/>\n<meta property=\"og:image\" content=\"https:\/\/tenado.de\/wp-content\/uploads\/2023\/12\/t-presentation-hero.webp\" \/>\n\t<meta property=\"og:image:width\" content=\"687\" \/>\n\t<meta property=\"og:image:height\" content=\"802\" \/>\n\t<meta property=\"og:image:type\" content=\"image\/png\" \/>\n<meta name=\"twitter:card\" content=\"summary_large_image\" \/>\n<meta name=\"twitter:site\" content=\"@revalize\" \/>\n<meta name=\"twitter:label1\" content=\"Szacowany czas czytania\" \/>\n\t<meta name=\"twitter:data1\" content=\"1 minuta\" \/>\n<script type=\"application\/ld+json\" class=\"yoast-schema-graph\">{\"@context\":\"https:\\\/\\\/schema.org\",\"@graph\":[{\"@type\":\"WebPage\",\"@id\":\"https:\\\/\\\/tenado.de\\\/pl\\\/prezentacja-na-zywo\\\/\",\"url\":\"https:\\\/\\\/tenado.de\\\/pl\\\/prezentacja-na-zywo\\\/\",\"name\":\"Prezentacja na \u017cywo | TENADO\",\"isPartOf\":{\"@id\":\"https:\\\/\\\/tenado.de\\\/pl\\\/#website\"},\"primaryImageOfPage\":{\"@id\":\"https:\\\/\\\/tenado.de\\\/pl\\\/prezentacja-na-zywo\\\/#primaryimage\"},\"image\":{\"@id\":\"https:\\\/\\\/tenado.de\\\/pl\\\/prezentacja-na-zywo\\\/#primaryimage\"},\"thumbnailUrl\":\"https:\\\/\\\/tenado.de\\\/wp-content\\\/uploads\\\/2023\\\/12\\\/t-presentation-hero.webp\",\"datePublished\":\"2023-05-16T15:46:27+00:00\",\"dateModified\":\"2026-02-26T12:24:27+00:00\",\"description\":\"Lepsze ni\u017c wersja demo: Podczas prezentacji TENADO na \u017cywo, nasz ekspert TENADO poka\u017ce Ci na \u017cywo na Twoim komputerze, jakie masz mo\u017cliwo\u015bci z naszym oprogramowaniem. Bezp\u0142atnie i bez zobowi\u0105za\u0144.\",\"breadcrumb\":{\"@id\":\"https:\\\/\\\/tenado.de\\\/pl\\\/prezentacja-na-zywo\\\/#breadcrumb\"},\"inLanguage\":\"pl-PL\",\"potentialAction\":[{\"@type\":\"ReadAction\",\"target\":[\"https:\\\/\\\/tenado.de\\\/pl\\\/prezentacja-na-zywo\\\/\"]}]},{\"@type\":\"ImageObject\",\"inLanguage\":\"pl-PL\",\"@id\":\"https:\\\/\\\/tenado.de\\\/pl\\\/prezentacja-na-zywo\\\/#primaryimage\",\"url\":\"https:\\\/\\\/tenado.de\\\/wp-content\\\/uploads\\\/2023\\\/12\\\/t-presentation-hero.webp\",\"contentUrl\":\"https:\\\/\\\/tenado.de\\\/wp-content\\\/uploads\\\/2023\\\/12\\\/t-presentation-hero.webp\"},{\"@type\":\"BreadcrumbList\",\"@id\":\"https:\\\/\\\/tenado.de\\\/pl\\\/prezentacja-na-zywo\\\/#breadcrumb\",\"itemListElement\":[{\"@type\":\"ListItem\",\"position\":1,\"name\":\"Home\",\"item\":\"https:\\\/\\\/tenado.de\\\/pl\\\/\"},{\"@type\":\"ListItem\",\"position\":2,\"name\":\"Prezentacja na \u017cywo\"}]},{\"@type\":\"WebSite\",\"@id\":\"https:\\\/\\\/tenado.de\\\/pl\\\/#website\",\"url\":\"https:\\\/\\\/tenado.de\\\/pl\\\/\",\"name\":\"TENADO\",\"description\":\"\",\"publisher\":{\"@id\":\"https:\\\/\\\/tenado.de\\\/pl\\\/#organization\"},\"potentialAction\":[{\"@type\":\"SearchAction\",\"target\":{\"@type\":\"EntryPoint\",\"urlTemplate\":\"https:\\\/\\\/tenado.de\\\/pl\\\/?s={search_term_string}\"},\"query-input\":{\"@type\":\"PropertyValueSpecification\",\"valueRequired\":true,\"valueName\":\"search_term_string\"}}],\"inLanguage\":\"pl-PL\"},{\"@type\":\"Organization\",\"@id\":\"https:\\\/\\\/tenado.de\\\/pl\\\/#organization\",\"name\":\"TENADO\",\"url\":\"https:\\\/\\\/tenado.de\\\/pl\\\/\",\"logo\":{\"@type\":\"ImageObject\",\"inLanguage\":\"pl-PL\",\"@id\":\"https:\\\/\\\/tenado.de\\\/pl\\\/#\\\/schema\\\/logo\\\/image\\\/\",\"url\":\"https:\\\/\\\/tenado.de\\\/wp-content\\\/uploads\\\/2023\\\/05\\\/TENADO-From-Revalize-logo.png\",\"contentUrl\":\"https:\\\/\\\/tenado.de\\\/wp-content\\\/uploads\\\/2023\\\/05\\\/TENADO-From-Revalize-logo.png\",\"width\":640,\"height\":156,\"caption\":\"TENADO\"},\"image\":{\"@id\":\"https:\\\/\\\/tenado.de\\\/pl\\\/#\\\/schema\\\/logo\\\/image\\\/\"},\"sameAs\":[\"https:\\\/\\\/www.facebook.com\\\/revalize\\\/\",\"https:\\\/\\\/x.com\\\/revalize\",\"https:\\\/\\\/www.linkedin.com\\\/company\\\/revalize\\\/\"]}]}<\/script>\n<!-- \/ Yoast SEO plugin. -->","yoast_head_json":{"title":"Prezentacja na \u017cywo | TENADO","description":"Lepsze ni\u017c wersja demo: Podczas prezentacji TENADO na \u017cywo, nasz ekspert TENADO poka\u017ce Ci na \u017cywo na Twoim komputerze, jakie masz mo\u017cliwo\u015bci z naszym oprogramowaniem. Bezp\u0142atnie i bez zobowi\u0105za\u0144.","robots":{"index":"index","follow":"follow","max-snippet":"max-snippet:-1","max-image-preview":"max-image-preview:large","max-video-preview":"max-video-preview:-1"},"canonical":"https:\/\/tenado.de\/pl\/prezentacja-na-zywo\/","og_locale":"pl_PL","og_type":"article","og_title":"Prezentacja na \u017cywo | TENADO","og_description":"Lepsze ni\u017c wersja demo: Podczas prezentacji TENADO na \u017cywo, nasz ekspert TENADO poka\u017ce Ci na \u017cywo na Twoim komputerze, jakie masz mo\u017cliwo\u015bci z naszym oprogramowaniem. Bezp\u0142atnie i bez zobowi\u0105za\u0144.","og_url":"https:\/\/tenado.de\/pl\/prezentacja-na-zywo\/","og_site_name":"TENADO","article_publisher":"https:\/\/www.facebook.com\/revalize\/","article_modified_time":"2026-02-26T12:24:27+00:00","og_image":[{"width":687,"height":802,"url":"https:\/\/tenado.de\/wp-content\/uploads\/2023\/12\/t-presentation-hero.webp","type":"image\/png"}],"twitter_card":"summary_large_image","twitter_site":"@revalize","twitter_misc":{"Szacowany czas czytania":"1 minuta"},"schema":{"@context":"https:\/\/schema.org","@graph":[{"@type":"WebPage","@id":"https:\/\/tenado.de\/pl\/prezentacja-na-zywo\/","url":"https:\/\/tenado.de\/pl\/prezentacja-na-zywo\/","name":"Prezentacja na \u017cywo | TENADO","isPartOf":{"@id":"https:\/\/tenado.de\/pl\/#website"},"primaryImageOfPage":{"@id":"https:\/\/tenado.de\/pl\/prezentacja-na-zywo\/#primaryimage"},"image":{"@id":"https:\/\/tenado.de\/pl\/prezentacja-na-zywo\/#primaryimage"},"thumbnailUrl":"https:\/\/tenado.de\/wp-content\/uploads\/2023\/12\/t-presentation-hero.webp","datePublished":"2023-05-16T15:46:27+00:00","dateModified":"2026-02-26T12:24:27+00:00","description":"Lepsze ni\u017c wersja demo: Podczas prezentacji TENADO na \u017cywo, nasz ekspert TENADO poka\u017ce Ci na \u017cywo na Twoim komputerze, jakie masz mo\u017cliwo\u015bci z naszym oprogramowaniem. Bezp\u0142atnie i bez zobowi\u0105za\u0144.","breadcrumb":{"@id":"https:\/\/tenado.de\/pl\/prezentacja-na-zywo\/#breadcrumb"},"inLanguage":"pl-PL","potentialAction":[{"@type":"ReadAction","target":["https:\/\/tenado.de\/pl\/prezentacja-na-zywo\/"]}]},{"@type":"ImageObject","inLanguage":"pl-PL","@id":"https:\/\/tenado.de\/pl\/prezentacja-na-zywo\/#primaryimage","url":"https:\/\/tenado.de\/wp-content\/uploads\/2023\/12\/t-presentation-hero.webp","contentUrl":"https:\/\/tenado.de\/wp-content\/uploads\/2023\/12\/t-presentation-hero.webp"},{"@type":"BreadcrumbList","@id":"https:\/\/tenado.de\/pl\/prezentacja-na-zywo\/#breadcrumb","itemListElement":[{"@type":"ListItem","position":1,"name":"Home","item":"https:\/\/tenado.de\/pl\/"},{"@type":"ListItem","position":2,"name":"Prezentacja na \u017cywo"}]},{"@type":"WebSite","@id":"https:\/\/tenado.de\/pl\/#website","url":"https:\/\/tenado.de\/pl\/","name":"TENADO","description":"","publisher":{"@id":"https:\/\/tenado.de\/pl\/#organization"},"potentialAction":[{"@type":"SearchAction","target":{"@type":"EntryPoint","urlTemplate":"https:\/\/tenado.de\/pl\/?s={search_term_string}"},"query-input":{"@type":"PropertyValueSpecification","valueRequired":true,"valueName":"search_term_string"}}],"inLanguage":"pl-PL"},{"@type":"Organization","@id":"https:\/\/tenado.de\/pl\/#organization","name":"TENADO","url":"https:\/\/tenado.de\/pl\/","logo":{"@type":"ImageObject","inLanguage":"pl-PL","@id":"https:\/\/tenado.de\/pl\/#\/schema\/logo\/image\/","url":"https:\/\/tenado.de\/wp-content\/uploads\/2023\/05\/TENADO-From-Revalize-logo.png","contentUrl":"https:\/\/tenado.de\/wp-content\/uploads\/2023\/05\/TENADO-From-Revalize-logo.png","width":640,"height":156,"caption":"TENADO"},"image":{"@id":"https:\/\/tenado.de\/pl\/#\/schema\/logo\/image\/"},"sameAs":["https:\/\/www.facebook.com\/revalize\/","https:\/\/x.com\/revalize","https:\/\/www.linkedin.com\/company\/revalize\/"]}]}},"_links":{"self":[{"href":"https:\/\/tenado.de\/pl\/wp-json\/wp\/v2\/pages\/12539","targetHints":{"allow":["GET"]}}],"collection":[{"href":"https:\/\/tenado.de\/pl\/wp-json\/wp\/v2\/pages"}],"about":[{"href":"https:\/\/tenado.de\/pl\/wp-json\/wp\/v2\/types\/page"}],"author":[{"embeddable":true,"href":"https:\/\/tenado.de\/pl\/wp-json\/wp\/v2\/users\/12"}],"replies":[{"embeddable":true,"href":"https:\/\/tenado.de\/pl\/wp-json\/wp\/v2\/comments?post=12539"}],"version-history":[{"count":0,"href":"https:\/\/tenado.de\/pl\/wp-json\/wp\/v2\/pages\/12539\/revisions"}],"wp:attachment":[{"href":"https:\/\/tenado.de\/pl\/wp-json\/wp\/v2\/media?parent=12539"}],"curies":[{"name":"wp","href":"https:\/\/api.w.org\/{rel}","templated":true}]}}