{"id":14636,"date":"2023-10-18T10:53:35","date_gmt":"2023-10-18T08:53:35","guid":{"rendered":"https:\/\/tenado.de\/imprint\/"},"modified":"2026-01-06T15:52:18","modified_gmt":"2026-01-06T14:52:18","slug":"corporate-information","status":"publish","type":"page","link":"https:\/\/tenado.de\/en\/corporate-information\/","title":{"rendered":"Corporate Information"},"content":{"rendered":"\t\t<div data-elementor-type=\"wp-page\" data-elementor-id=\"14636\" class=\"elementor elementor-14636 elementor-13457\" data-elementor-post-type=\"page\">\n\t\t\t\t<div class=\"elementor-element elementor-element-f69ac46 e-flex e-con-boxed e-con e-parent\" data-id=\"f69ac46\" data-element_type=\"container\" data-e-type=\"container\">\n\t\t\t\t\t<div class=\"e-con-inner\">\n\t\t\t\t<div class=\"elementor-element elementor-element-2df3876 elementor-widget elementor-widget-heading\" data-id=\"2df3876\" data-element_type=\"widget\" data-e-type=\"widget\" data-widget_type=\"heading.default\">\n\t\t\t\t<div class=\"elementor-widget-container\">\n\t\t\t\t\t<h2 class=\"elementor-heading-title elementor-size-default\">Corporate Information<\/h2>\t\t\t\t<\/div>\n\t\t\t\t<\/div>\n\t\t\t\t<div class=\"elementor-element elementor-element-f0b6e7f elementor-icon-list--layout-traditional elementor-list-item-link-full_width elementor-widget elementor-widget-icon-list\" data-id=\"f0b6e7f\" data-element_type=\"widget\" data-e-type=\"widget\" data-widget_type=\"icon-list.default\">\n\t\t\t\t<div class=\"elementor-widget-container\">\n\t\t\t\t\t\t\t<ul class=\"elementor-icon-list-items\">\n\t\t\t\t\t\t\t<li class=\"elementor-icon-list-item\">\n\t\t\t\t\t\t\t\t\t\t<span class=\"elementor-icon-list-text\"><b>TENADO GmbH<\/b><\/span>\n\t\t\t\t\t\t\t\t\t<\/li>\n\t\t\t\t\t\t\t\t<li class=\"elementor-icon-list-item\">\n\t\t\t\t\t\t\t\t\t\t<span class=\"elementor-icon-list-text\">Managing Directors: Daniel G\u00f6\u00dfling, John Byron Mills<\/span>\n\t\t\t\t\t\t\t\t\t<\/li>\n\t\t\t\t\t\t\t\t<li class=\"elementor-icon-list-item\">\n\t\t\t\t\t\t\t\t\t\t<span class=\"elementor-icon-list-text\">Amtsgericht Bochum - HRB 7161. <\/span>\n\t\t\t\t\t\t\t\t\t<\/li>\n\t\t\t\t\t\t\t\t<li class=\"elementor-icon-list-item\">\n\t\t\t\t\t\t\t\t\t\t<span class=\"elementor-icon-list-text\">VAT ID: DE 192393692<\/span>\n\t\t\t\t\t\t\t\t\t<\/li>\n\t\t\t\t\t\t\t\t<li class=\"elementor-icon-list-item\">\n\t\t\t\t\t\t\t\t\t\t<span class=\"elementor-icon-list-text\">Address: Vierhausstra\u00dfe 112, 44807 Bochum<\/span>\n\t\t\t\t\t\t\t\t\t<\/li>\n\t\t\t\t\t\t\t\t<li class=\"elementor-icon-list-item\">\n\t\t\t\t\t\t\t\t\t\t<span class=\"elementor-icon-list-text\">Tel: +49 234 9559 - 0 <\/span>\n\t\t\t\t\t\t\t\t\t<\/li>\n\t\t\t\t\t\t\t\t<li class=\"elementor-icon-list-item\">\n\t\t\t\t\t\t\t\t\t\t<span class=\"elementor-icon-list-text\">Email: info@revalizesoftware.com<\/span>\n\t\t\t\t\t\t\t\t\t<\/li>\n\t\t\t\t\t\t<\/ul>\n\t\t\t\t\t\t<\/div>\n\t\t\t\t<\/div>\n\t\t\t\t<div class=\"elementor-element elementor-element-3d53678 elementor-icon-list--layout-traditional elementor-list-item-link-full_width elementor-widget elementor-widget-icon-list\" data-id=\"3d53678\" data-element_type=\"widget\" data-e-type=\"widget\" data-widget_type=\"icon-list.default\">\n\t\t\t\t<div class=\"elementor-widget-container\">\n\t\t\t\t\t\t\t<ul class=\"elementor-icon-list-items\">\n\t\t\t\t\t\t\t<li class=\"elementor-icon-list-item\">\n\t\t\t\t\t\t\t\t\t\t<span class=\"elementor-icon-list-text\"><b>Sources for images and graphics<\/b><\/span>\n\t\t\t\t\t\t\t\t\t<\/li>\n\t\t\t\t\t\t\t\t<li class=\"elementor-icon-list-item\">\n\t\t\t\t\t\t\t\t\t\t<span class=\"elementor-icon-list-text\">Fotolia LLC<\/span>\n\t\t\t\t\t\t\t\t\t<\/li>\n\t\t\t\t\t\t\t\t<li class=\"elementor-icon-list-item\">\n\t\t\t\t\t\t\t\t\t\t<span class=\"elementor-icon-list-text\">iStockphoto LP<\/span>\n\t\t\t\t\t\t\t\t\t<\/li>\n\t\t\t\t\t\t<\/ul>\n\t\t\t\t\t\t<\/div>\n\t\t\t\t<\/div>\n\t\t\t\t<div class=\"elementor-element elementor-element-cc1747c elementor-widget elementor-widget-text-editor\" data-id=\"cc1747c\" data-element_type=\"widget\" data-e-type=\"widget\" data-widget_type=\"text-editor.default\">\n\t\t\t\t<div class=\"elementor-widget-container\">\n\t\t\t\t\t\t\t\t\t<h6><br><\/h6>\n<div class=\"x_MsoNormal\" align=\"center\">\n<hr align=\"center\" size=\"2\" width=\"100%\">\n<\/div>\n<h2>Disclaimer<\/h2>\n<h4><strong>Liability for content<\/strong><\/h4>\n<p>As a service provider, we are responsible for our own content on these pages in accordance with Section 7 (1) TMG (German Telemedia Act) and general legislation. According to \u00a7\u00a7 8 to 10 TMG, however, we as a service provider are not obliged to monitor transmitted or stored third-party information or to investigate circumstances that indicate illegal activity. Obligations to remove or block the use of information in accordance with general legislation remain unaffected by this. However, liability in this respect is only possible from the time of knowledge of a specific infringement. As soon as we become aware of such infringements, we will remove this content immediately.     <\/p>\n<h4><strong>Liability for links<\/strong><\/h4>\n<p>Our website contains links to external third-party websites over whose content we have no influence. Therefore, we cannot accept any liability for this third-party content. The respective provider or operator of the pages is always responsible for the content of the linked pages. The linked pages were checked for possible legal violations at the time of linking.   <\/p>\n<p>Illegal contents were not recognizable at the time of linking. However, permanent monitoring of the content of the linked pages is not reasonable without concrete evidence of an infringement. If we become aware of any legal infringements, we will remove such links immediately.  <\/p>\n<h4><strong>Copyright<\/strong><\/h4>\n<p>The content and works created by the site operators on these pages are subject to German copyright law. Duplication, processing, distribution and any kind of exploitation outside the limits of copyright law require the written consent of the respective author or creator. Downloads and copies of this site are only permitted for private, non-commercial use.  <\/p>\n<p>Insofar as the content on this site was not created by the operator, the copyrights of third parties are respected. In particular, third-party content is identified as such. Should you nevertheless become aware of a copyright infringement, please inform us accordingly. If we become aware of any infringements, we will remove such content immediately.   <\/p>\n<p><em>References: Disclaimer eRecht24<\/em><\/p>\t\t\t\t\t\t\t\t<\/div>\n\t\t\t\t<\/div>\n\t\t\t\t\t<\/div>\n\t\t\t\t<\/div>\n\t\t\t\t<\/div>\n\t\t","protected":false},"excerpt":{"rendered":"<p>Corporate Information TENADO GmbH Managing Directors: Daniel G\u00f6\u00dfling, John Byron Mills Amtsgericht Bochum &#8211; HRB 7161. VAT ID: DE 192393692 Address: Vierhausstra\u00dfe 112, 44807 Bochum Tel: +49 234 9559 &#8211; 0 Email: info@revalizesoftware.com Sources for images and graphics Fotolia LLC iStockphoto LP Disclaimer Liability for content As a service provider, we are responsible for our [&hellip;]<\/p>\n","protected":false},"author":12,"featured_media":0,"parent":0,"menu_order":0,"comment_status":"closed","ping_status":"closed","template":"","meta":{"content-type":"","inline_featured_image":false,"footnotes":""},"class_list":["post-14636","page","type-page","status-publish","hentry"],"yoast_head":"<!-- This site is optimized with the Yoast SEO plugin v27.5 - https:\/\/yoast.com\/product\/yoast-seo-wordpress\/ -->\n<title>Corporate Information | TENADO<\/title>\n<meta name=\"description\" content=\"TENADO CAD is the professional drawing software for all industries that work with technical drawings or 3D models.\" \/>\n<meta name=\"robots\" content=\"index, follow, max-snippet:-1, max-image-preview:large, max-video-preview:-1\" \/>\n<link rel=\"canonical\" href=\"https:\/\/tenado.de\/en\/corporate-information\/\" \/>\n<meta property=\"og:locale\" content=\"en_US\" \/>\n<meta property=\"og:type\" content=\"article\" \/>\n<meta property=\"og:title\" content=\"Corporate Information | TENADO\" \/>\n<meta property=\"og:description\" content=\"TENADO CAD is the professional drawing software for all industries that work with technical drawings or 3D models.\" \/>\n<meta property=\"og:url\" content=\"https:\/\/tenado.de\/en\/corporate-information\/\" \/>\n<meta property=\"og:site_name\" content=\"TENADO\" \/>\n<meta property=\"article:publisher\" content=\"https:\/\/www.facebook.com\/revalize\/\" \/>\n<meta property=\"article:modified_time\" content=\"2026-01-06T14:52:18+00:00\" \/>\n<meta property=\"og:image\" content=\"https:\/\/tenado.de\/wp-content\/uploads\/2023\/05\/TENADO-From-Revalize-logo.webp\" \/>\n\t<meta property=\"og:image:width\" content=\"640\" \/>\n\t<meta property=\"og:image:height\" content=\"156\" \/>\n\t<meta property=\"og:image:type\" content=\"image\/webp\" \/>\n<meta name=\"twitter:card\" content=\"summary_large_image\" \/>\n<meta name=\"twitter:site\" content=\"@revalize\" \/>\n<meta name=\"twitter:label1\" content=\"Est. reading time\" \/>\n\t<meta name=\"twitter:data1\" content=\"2 minutes\" \/>\n<script type=\"application\/ld+json\" class=\"yoast-schema-graph\">{\"@context\":\"https:\\\/\\\/schema.org\",\"@graph\":[{\"@type\":\"WebPage\",\"@id\":\"https:\\\/\\\/tenado.de\\\/en\\\/corporate-information\\\/\",\"url\":\"https:\\\/\\\/tenado.de\\\/en\\\/corporate-information\\\/\",\"name\":\"Corporate Information | TENADO\",\"isPartOf\":{\"@id\":\"https:\\\/\\\/tenado.de\\\/en\\\/#website\"},\"datePublished\":\"2023-10-18T08:53:35+00:00\",\"dateModified\":\"2026-01-06T14:52:18+00:00\",\"description\":\"TENADO CAD is the professional drawing software for all industries that work with technical drawings or 3D models.\",\"breadcrumb\":{\"@id\":\"https:\\\/\\\/tenado.de\\\/en\\\/corporate-information\\\/#breadcrumb\"},\"inLanguage\":\"en-US\",\"potentialAction\":[{\"@type\":\"ReadAction\",\"target\":[\"https:\\\/\\\/tenado.de\\\/en\\\/corporate-information\\\/\"]}]},{\"@type\":\"BreadcrumbList\",\"@id\":\"https:\\\/\\\/tenado.de\\\/en\\\/corporate-information\\\/#breadcrumb\",\"itemListElement\":[{\"@type\":\"ListItem\",\"position\":1,\"name\":\"Home\",\"item\":\"https:\\\/\\\/tenado.de\\\/en\\\/\"},{\"@type\":\"ListItem\",\"position\":2,\"name\":\"Corporate Information\"}]},{\"@type\":\"WebSite\",\"@id\":\"https:\\\/\\\/tenado.de\\\/en\\\/#website\",\"url\":\"https:\\\/\\\/tenado.de\\\/en\\\/\",\"name\":\"TENADO\",\"description\":\"\",\"publisher\":{\"@id\":\"https:\\\/\\\/tenado.de\\\/en\\\/#organization\"},\"potentialAction\":[{\"@type\":\"SearchAction\",\"target\":{\"@type\":\"EntryPoint\",\"urlTemplate\":\"https:\\\/\\\/tenado.de\\\/en\\\/?s={search_term_string}\"},\"query-input\":{\"@type\":\"PropertyValueSpecification\",\"valueRequired\":true,\"valueName\":\"search_term_string\"}}],\"inLanguage\":\"en-US\"},{\"@type\":\"Organization\",\"@id\":\"https:\\\/\\\/tenado.de\\\/en\\\/#organization\",\"name\":\"TENADO\",\"url\":\"https:\\\/\\\/tenado.de\\\/en\\\/\",\"logo\":{\"@type\":\"ImageObject\",\"inLanguage\":\"en-US\",\"@id\":\"https:\\\/\\\/tenado.de\\\/en\\\/#\\\/schema\\\/logo\\\/image\\\/\",\"url\":\"https:\\\/\\\/tenado.de\\\/wp-content\\\/uploads\\\/2023\\\/05\\\/TENADO-From-Revalize-logo.png\",\"contentUrl\":\"https:\\\/\\\/tenado.de\\\/wp-content\\\/uploads\\\/2023\\\/05\\\/TENADO-From-Revalize-logo.png\",\"width\":640,\"height\":156,\"caption\":\"TENADO\"},\"image\":{\"@id\":\"https:\\\/\\\/tenado.de\\\/en\\\/#\\\/schema\\\/logo\\\/image\\\/\"},\"sameAs\":[\"https:\\\/\\\/www.facebook.com\\\/revalize\\\/\",\"https:\\\/\\\/x.com\\\/revalize\",\"https:\\\/\\\/www.linkedin.com\\\/company\\\/revalize\\\/\"]}]}<\/script>\n<!-- \/ Yoast SEO plugin. -->","yoast_head_json":{"title":"Corporate Information | TENADO","description":"TENADO CAD is the professional drawing software for all industries that work with technical drawings or 3D models.","robots":{"index":"index","follow":"follow","max-snippet":"max-snippet:-1","max-image-preview":"max-image-preview:large","max-video-preview":"max-video-preview:-1"},"canonical":"https:\/\/tenado.de\/en\/corporate-information\/","og_locale":"en_US","og_type":"article","og_title":"Corporate Information | TENADO","og_description":"TENADO CAD is the professional drawing software for all industries that work with technical drawings or 3D models.","og_url":"https:\/\/tenado.de\/en\/corporate-information\/","og_site_name":"TENADO","article_publisher":"https:\/\/www.facebook.com\/revalize\/","article_modified_time":"2026-01-06T14:52:18+00:00","og_image":[{"width":640,"height":156,"url":"https:\/\/tenado.de\/wp-content\/uploads\/2023\/05\/TENADO-From-Revalize-logo.webp","type":"image\/webp"}],"twitter_card":"summary_large_image","twitter_site":"@revalize","twitter_misc":{"Est. reading time":"2 minutes"},"schema":{"@context":"https:\/\/schema.org","@graph":[{"@type":"WebPage","@id":"https:\/\/tenado.de\/en\/corporate-information\/","url":"https:\/\/tenado.de\/en\/corporate-information\/","name":"Corporate Information | TENADO","isPartOf":{"@id":"https:\/\/tenado.de\/en\/#website"},"datePublished":"2023-10-18T08:53:35+00:00","dateModified":"2026-01-06T14:52:18+00:00","description":"TENADO CAD is the professional drawing software for all industries that work with technical drawings or 3D models.","breadcrumb":{"@id":"https:\/\/tenado.de\/en\/corporate-information\/#breadcrumb"},"inLanguage":"en-US","potentialAction":[{"@type":"ReadAction","target":["https:\/\/tenado.de\/en\/corporate-information\/"]}]},{"@type":"BreadcrumbList","@id":"https:\/\/tenado.de\/en\/corporate-information\/#breadcrumb","itemListElement":[{"@type":"ListItem","position":1,"name":"Home","item":"https:\/\/tenado.de\/en\/"},{"@type":"ListItem","position":2,"name":"Corporate Information"}]},{"@type":"WebSite","@id":"https:\/\/tenado.de\/en\/#website","url":"https:\/\/tenado.de\/en\/","name":"TENADO","description":"","publisher":{"@id":"https:\/\/tenado.de\/en\/#organization"},"potentialAction":[{"@type":"SearchAction","target":{"@type":"EntryPoint","urlTemplate":"https:\/\/tenado.de\/en\/?s={search_term_string}"},"query-input":{"@type":"PropertyValueSpecification","valueRequired":true,"valueName":"search_term_string"}}],"inLanguage":"en-US"},{"@type":"Organization","@id":"https:\/\/tenado.de\/en\/#organization","name":"TENADO","url":"https:\/\/tenado.de\/en\/","logo":{"@type":"ImageObject","inLanguage":"en-US","@id":"https:\/\/tenado.de\/en\/#\/schema\/logo\/image\/","url":"https:\/\/tenado.de\/wp-content\/uploads\/2023\/05\/TENADO-From-Revalize-logo.png","contentUrl":"https:\/\/tenado.de\/wp-content\/uploads\/2023\/05\/TENADO-From-Revalize-logo.png","width":640,"height":156,"caption":"TENADO"},"image":{"@id":"https:\/\/tenado.de\/en\/#\/schema\/logo\/image\/"},"sameAs":["https:\/\/www.facebook.com\/revalize\/","https:\/\/x.com\/revalize","https:\/\/www.linkedin.com\/company\/revalize\/"]}]}},"_links":{"self":[{"href":"https:\/\/tenado.de\/en\/wp-json\/wp\/v2\/pages\/14636","targetHints":{"allow":["GET"]}}],"collection":[{"href":"https:\/\/tenado.de\/en\/wp-json\/wp\/v2\/pages"}],"about":[{"href":"https:\/\/tenado.de\/en\/wp-json\/wp\/v2\/types\/page"}],"author":[{"embeddable":true,"href":"https:\/\/tenado.de\/en\/wp-json\/wp\/v2\/users\/12"}],"replies":[{"embeddable":true,"href":"https:\/\/tenado.de\/en\/wp-json\/wp\/v2\/comments?post=14636"}],"version-history":[{"count":0,"href":"https:\/\/tenado.de\/en\/wp-json\/wp\/v2\/pages\/14636\/revisions"}],"wp:attachment":[{"href":"https:\/\/tenado.de\/en\/wp-json\/wp\/v2\/media?parent=14636"}],"curies":[{"name":"wp","href":"https:\/\/api.w.org\/{rel}","templated":true}]}}