{"id":13457,"date":"2023-10-18T10:53:35","date_gmt":"2023-10-18T14:53:35","guid":{"rendered":"https:\/\/tenado.de\/?page_id=13457"},"modified":"2026-01-06T15:53:21","modified_gmt":"2026-01-06T14:53:21","slug":"impressum","status":"publish","type":"page","link":"https:\/\/tenado.de\/de\/impressum\/","title":{"rendered":"Impressum"},"content":{"rendered":"\t\t<div data-elementor-type=\"wp-page\" data-elementor-id=\"13457\" class=\"elementor elementor-13457\" data-elementor-post-type=\"page\">\n\t\t\t\t<div class=\"elementor-element elementor-element-f69ac46 e-flex e-con-boxed e-con e-parent\" data-id=\"f69ac46\" data-element_type=\"container\" data-e-type=\"container\">\n\t\t\t\t\t<div class=\"e-con-inner\">\n\t\t\t\t<div class=\"elementor-element elementor-element-2df3876 elementor-widget elementor-widget-heading\" data-id=\"2df3876\" data-element_type=\"widget\" data-e-type=\"widget\" data-widget_type=\"heading.default\">\n\t\t\t\t<div class=\"elementor-widget-container\">\n\t\t\t\t\t<h2 class=\"elementor-heading-title elementor-size-default\">Impressum<\/h2>\t\t\t\t<\/div>\n\t\t\t\t<\/div>\n\t\t\t\t<div class=\"elementor-element elementor-element-f0b6e7f elementor-icon-list--layout-traditional elementor-list-item-link-full_width elementor-widget elementor-widget-icon-list\" data-id=\"f0b6e7f\" data-element_type=\"widget\" data-e-type=\"widget\" data-widget_type=\"icon-list.default\">\n\t\t\t\t<div class=\"elementor-widget-container\">\n\t\t\t\t\t\t\t<ul class=\"elementor-icon-list-items\">\n\t\t\t\t\t\t\t<li class=\"elementor-icon-list-item\">\n\t\t\t\t\t\t\t\t\t\t<span class=\"elementor-icon-list-text\"><b>TENADO GmbH<\/b><\/span>\n\t\t\t\t\t\t\t\t\t<\/li>\n\t\t\t\t\t\t\t\t<li class=\"elementor-icon-list-item\">\n\t\t\t\t\t\t\t\t\t\t<span class=\"elementor-icon-list-text\">Gesch\u00e4ftsf\u00fchrer: Daniel G\u00f6\u00dfling, John Byron Mills<\/span>\n\t\t\t\t\t\t\t\t\t<\/li>\n\t\t\t\t\t\t\t\t<li class=\"elementor-icon-list-item\">\n\t\t\t\t\t\t\t\t\t\t<span class=\"elementor-icon-list-text\">Amtsgericht Bochum \u2013 HRB 7161.<\/span>\n\t\t\t\t\t\t\t\t\t<\/li>\n\t\t\t\t\t\t\t\t<li class=\"elementor-icon-list-item\">\n\t\t\t\t\t\t\t\t\t\t<span class=\"elementor-icon-list-text\">Umsatzsteuer-Identifikationsnummer: DE 192393692<\/span>\n\t\t\t\t\t\t\t\t\t<\/li>\n\t\t\t\t\t\t\t\t<li class=\"elementor-icon-list-item\">\n\t\t\t\t\t\t\t\t\t\t<span class=\"elementor-icon-list-text\">Address: Vierhausstra\u00dfe 112, 44807 Bochum <\/span>\n\t\t\t\t\t\t\t\t\t<\/li>\n\t\t\t\t\t\t\t\t<li class=\"elementor-icon-list-item\">\n\t\t\t\t\t\t\t\t\t\t<span class=\"elementor-icon-list-text\"> Tel: +49 234 9559 - 0 <\/span>\n\t\t\t\t\t\t\t\t\t<\/li>\n\t\t\t\t\t\t\t\t<li class=\"elementor-icon-list-item\">\n\t\t\t\t\t\t\t\t\t\t<span class=\"elementor-icon-list-text\">Email: info@revalizesoftware.com<\/span>\n\t\t\t\t\t\t\t\t\t<\/li>\n\t\t\t\t\t\t<\/ul>\n\t\t\t\t\t\t<\/div>\n\t\t\t\t<\/div>\n\t\t\t\t<div class=\"elementor-element elementor-element-3d53678 elementor-icon-list--layout-traditional elementor-list-item-link-full_width elementor-widget elementor-widget-icon-list\" data-id=\"3d53678\" data-element_type=\"widget\" data-e-type=\"widget\" data-widget_type=\"icon-list.default\">\n\t\t\t\t<div class=\"elementor-widget-container\">\n\t\t\t\t\t\t\t<ul class=\"elementor-icon-list-items\">\n\t\t\t\t\t\t\t<li class=\"elementor-icon-list-item\">\n\t\t\t\t\t\t\t\t\t\t<span class=\"elementor-icon-list-text\"><b>Quellenangaben Bilder und Grafiken<\/b><\/span>\n\t\t\t\t\t\t\t\t\t<\/li>\n\t\t\t\t\t\t\t\t<li class=\"elementor-icon-list-item\">\n\t\t\t\t\t\t\t\t\t\t<span class=\"elementor-icon-list-text\">Fotolia LLC<\/span>\n\t\t\t\t\t\t\t\t\t<\/li>\n\t\t\t\t\t\t\t\t<li class=\"elementor-icon-list-item\">\n\t\t\t\t\t\t\t\t\t\t<span class=\"elementor-icon-list-text\">iStockphoto LP<\/span>\n\t\t\t\t\t\t\t\t\t<\/li>\n\t\t\t\t\t\t<\/ul>\n\t\t\t\t\t\t<\/div>\n\t\t\t\t<\/div>\n\t\t\t\t<div class=\"elementor-element elementor-element-cc1747c elementor-widget elementor-widget-text-editor\" data-id=\"cc1747c\" data-element_type=\"widget\" data-e-type=\"widget\" data-widget_type=\"text-editor.default\">\n\t\t\t\t<div class=\"elementor-widget-container\">\n\t\t\t\t\t\t\t\t\t<h6><br><\/h6>\n<div class=\"x_MsoNormal\" align=\"center\">\n<hr align=\"center\" size=\"2\" width=\"100%\">\n<\/div>\n<h2>Haftungsausschluss<\/h2>\n<h4><strong>Haftung f\u00fcr Inhalte<\/strong><\/h4>\n<p>Als Diensteanbieter sind wir gem\u00e4\u00df \u00a7 7 Abs.1 TMG f\u00fcr eigene Inhalte auf diesen Seiten nach den allgemeinen Gesetzen verantwortlich. Nach \u00a7\u00a7 8 bis 10 TMG sind wir als Diensteanbieter jedoch nicht verpflichtet, \u00fcbermittelte oder gespeicherte fremde Informationen zu \u00fcberwachen oder nach Umst\u00e4nden zu forschen, die auf eine rechtswidrige T\u00e4tigkeit hinweisen. Verpflichtungen zur Entfernung oder Sperrung der Nutzung von Informationen nach den allgemeinen Gesetzen bleiben hiervon unber\u00fchrt. Eine diesbez\u00fcgliche Haftung ist jedoch erst ab dem Zeitpunkt der Kenntnis einer konkreten Rechtsverletzung m\u00f6glich. Bei Bekanntwerden von entsprechenden Rechtsverletzungen werden wir diese Inhalte umgehend entfernen.<\/p>\n<h4><strong>Haftung f\u00fcr Links<\/strong><\/h4>\n<p>Unser Angebot enth\u00e4lt Links zu externen Webseiten Dritter, auf deren Inhalte wir keinen Einfluss haben. Deshalb k\u00f6nnen wir f\u00fcr diese fremden Inhalte auch keine Gew\u00e4hr \u00fcbernehmen. F\u00fcr die Inhalte der verlinkten Seiten ist stets der jeweilige Anbieter oder Betreiber der Seiten verantwortlich. Die verlinkten Seiten wurden zum Zeitpunkt der Verlinkung auf m\u00f6gliche Rechtsverst\u00f6\u00dfe \u00fcberpr\u00fcft.<\/p>\n<p>Rechtswidrige Inhalte waren zum Zeitpunkt der Verlinkung nicht erkennbar. Eine permanente inhaltliche Kontrolle der verlinkten Seiten ist jedoch ohne konkrete Anhaltspunkte einer Rechtsverletzung nicht zumutbar. Bei Bekanntwerden von Rechtsverletzungen werden wir derartige Links umgehend entfernen.<\/p>\n<h4><strong>Urheberrecht<\/strong><\/h4>\n<p>Die durch die Seitenbetreiber erstellten Inhalte und Werke auf diesen Seiten unterliegen dem deutschen Urheberrecht. Die Vervielf\u00e4ltigung, Bearbeitung, Verbreitung und jede Art der Verwertung au\u00dferhalb der Grenzen des Urheberrechtes bed\u00fcrfen der schriftlichen Zustimmung des jeweiligen Autors bzw. Erstellers. Downloads und Kopien dieser Seite sind nur f\u00fcr den privaten, nicht kommerziellen Gebrauch gestattet.<\/p>\n<p>Soweit die Inhalte auf dieser Seite nicht vom Betreiber erstellt wurden, werden die Urheberrechte Dritter beachtet. Insbesondere werden Inhalte Dritter als solche gekennzeichnet. Sollten Sie trotzdem auf eine Urheberrechtsverletzung aufmerksam werden, bitten wir um einen entsprechenden Hinweis. Bei Bekanntwerden von Rechtsverletzungen werden wir derartige Inhalte umgehend entfernen.<\/p>\n<p><em>Quellenangaben: Disclaimer eRecht24<\/em><\/p>\t\t\t\t\t\t\t\t<\/div>\n\t\t\t\t<\/div>\n\t\t\t\t\t<\/div>\n\t\t\t\t<\/div>\n\t\t\t\t<\/div>\n\t\t","protected":false},"excerpt":{"rendered":"<p>Impressum TENADO GmbH Gesch\u00e4ftsf\u00fchrer: Daniel G\u00f6\u00dfling, John Byron Mills Amtsgericht Bochum \u2013 HRB 7161. Umsatzsteuer-Identifikationsnummer: DE 192393692 Address: Vierhausstra\u00dfe 112, 44807 Bochum Tel: +49 234 9559 &#8211; 0 Email: info@revalizesoftware.com Quellenangaben Bilder und Grafiken Fotolia LLC iStockphoto LP Haftungsausschluss Haftung f\u00fcr Inhalte Als Diensteanbieter sind wir gem\u00e4\u00df \u00a7 7 Abs.1 TMG f\u00fcr eigene Inhalte auf [&hellip;]<\/p>\n","protected":false},"author":12,"featured_media":0,"parent":0,"menu_order":0,"comment_status":"closed","ping_status":"closed","template":"","meta":{"content-type":"","inline_featured_image":false,"footnotes":""},"class_list":["post-13457","page","type-page","status-publish","hentry"],"yoast_head":"<!-- This site is optimized with the Yoast SEO plugin v27.5 - https:\/\/yoast.com\/product\/yoast-seo-wordpress\/ -->\n<title>Impressum | TENADO<\/title>\n<meta name=\"description\" content=\"TENADO CAD ist die professionelle Zeichensoftware f\u00fcr alle Branchen, in denen mir technischen Zeichnungen oder 3D-Modellen arbeiten.\" \/>\n<meta name=\"robots\" content=\"index, follow, max-snippet:-1, max-image-preview:large, max-video-preview:-1\" \/>\n<link rel=\"canonical\" href=\"https:\/\/tenado.de\/de\/impressum\/\" \/>\n<meta property=\"og:locale\" content=\"de_DE\" \/>\n<meta property=\"og:type\" content=\"article\" \/>\n<meta property=\"og:title\" content=\"Impressum | TENADO\" \/>\n<meta property=\"og:description\" content=\"TENADO CAD ist die professionelle Zeichensoftware f\u00fcr alle Branchen, in denen mir technischen Zeichnungen oder 3D-Modellen arbeiten.\" \/>\n<meta property=\"og:url\" content=\"https:\/\/tenado.de\/de\/impressum\/\" \/>\n<meta property=\"og:site_name\" content=\"TENADO\" \/>\n<meta property=\"article:publisher\" content=\"https:\/\/www.facebook.com\/revalize\/\" \/>\n<meta property=\"article:modified_time\" content=\"2026-01-06T14:53:21+00:00\" \/>\n<meta property=\"og:image\" content=\"https:\/\/tenado.de\/wp-content\/uploads\/2023\/05\/TENADO-From-Revalize-logo.webp\" \/>\n\t<meta property=\"og:image:width\" content=\"640\" \/>\n\t<meta property=\"og:image:height\" content=\"156\" \/>\n\t<meta property=\"og:image:type\" content=\"image\/webp\" \/>\n<meta name=\"twitter:card\" content=\"summary_large_image\" \/>\n<meta name=\"twitter:site\" content=\"@revalize\" \/>\n<meta name=\"twitter:label1\" content=\"Gesch\u00e4tzte Lesezeit\" \/>\n\t<meta name=\"twitter:data1\" content=\"2\u00a0Minuten\" \/>\n<script type=\"application\/ld+json\" class=\"yoast-schema-graph\">{\"@context\":\"https:\\\/\\\/schema.org\",\"@graph\":[{\"@type\":\"WebPage\",\"@id\":\"https:\\\/\\\/tenado.de\\\/de\\\/impressum\\\/\",\"url\":\"https:\\\/\\\/tenado.de\\\/de\\\/impressum\\\/\",\"name\":\"Impressum | TENADO\",\"isPartOf\":{\"@id\":\"https:\\\/\\\/tenado.de\\\/de\\\/#website\"},\"datePublished\":\"2023-10-18T14:53:35+00:00\",\"dateModified\":\"2026-01-06T14:53:21+00:00\",\"description\":\"TENADO CAD ist die professionelle Zeichensoftware f\u00fcr alle Branchen, in denen mir technischen Zeichnungen oder 3D-Modellen arbeiten.\",\"breadcrumb\":{\"@id\":\"https:\\\/\\\/tenado.de\\\/de\\\/impressum\\\/#breadcrumb\"},\"inLanguage\":\"de\",\"potentialAction\":[{\"@type\":\"ReadAction\",\"target\":[\"https:\\\/\\\/tenado.de\\\/de\\\/impressum\\\/\"]}]},{\"@type\":\"BreadcrumbList\",\"@id\":\"https:\\\/\\\/tenado.de\\\/de\\\/impressum\\\/#breadcrumb\",\"itemListElement\":[{\"@type\":\"ListItem\",\"position\":1,\"name\":\"Home\",\"item\":\"https:\\\/\\\/tenado.de\\\/de\\\/\"},{\"@type\":\"ListItem\",\"position\":2,\"name\":\"Impressum\"}]},{\"@type\":\"WebSite\",\"@id\":\"https:\\\/\\\/tenado.de\\\/de\\\/#website\",\"url\":\"https:\\\/\\\/tenado.de\\\/de\\\/\",\"name\":\"TENADO\",\"description\":\"Great Starts With\",\"publisher\":{\"@id\":\"https:\\\/\\\/tenado.de\\\/de\\\/#organization\"},\"potentialAction\":[{\"@type\":\"SearchAction\",\"target\":{\"@type\":\"EntryPoint\",\"urlTemplate\":\"https:\\\/\\\/tenado.de\\\/de\\\/?s={search_term_string}\"},\"query-input\":{\"@type\":\"PropertyValueSpecification\",\"valueRequired\":true,\"valueName\":\"search_term_string\"}}],\"inLanguage\":\"de\"},{\"@type\":\"Organization\",\"@id\":\"https:\\\/\\\/tenado.de\\\/de\\\/#organization\",\"name\":\"TENADO\",\"url\":\"https:\\\/\\\/tenado.de\\\/de\\\/\",\"logo\":{\"@type\":\"ImageObject\",\"inLanguage\":\"de\",\"@id\":\"https:\\\/\\\/tenado.de\\\/de\\\/#\\\/schema\\\/logo\\\/image\\\/\",\"url\":\"https:\\\/\\\/tenado.de\\\/wp-content\\\/uploads\\\/2023\\\/05\\\/TENADO-From-Revalize-logo.png\",\"contentUrl\":\"https:\\\/\\\/tenado.de\\\/wp-content\\\/uploads\\\/2023\\\/05\\\/TENADO-From-Revalize-logo.png\",\"width\":640,\"height\":156,\"caption\":\"TENADO\"},\"image\":{\"@id\":\"https:\\\/\\\/tenado.de\\\/de\\\/#\\\/schema\\\/logo\\\/image\\\/\"},\"sameAs\":[\"https:\\\/\\\/www.facebook.com\\\/revalize\\\/\",\"https:\\\/\\\/x.com\\\/revalize\",\"https:\\\/\\\/www.linkedin.com\\\/company\\\/revalize\\\/\"]}]}<\/script>\n<!-- \/ Yoast SEO plugin. -->","yoast_head_json":{"title":"Impressum | TENADO","description":"TENADO CAD ist die professionelle Zeichensoftware f\u00fcr alle Branchen, in denen mir technischen Zeichnungen oder 3D-Modellen arbeiten.","robots":{"index":"index","follow":"follow","max-snippet":"max-snippet:-1","max-image-preview":"max-image-preview:large","max-video-preview":"max-video-preview:-1"},"canonical":"https:\/\/tenado.de\/de\/impressum\/","og_locale":"de_DE","og_type":"article","og_title":"Impressum | TENADO","og_description":"TENADO CAD ist die professionelle Zeichensoftware f\u00fcr alle Branchen, in denen mir technischen Zeichnungen oder 3D-Modellen arbeiten.","og_url":"https:\/\/tenado.de\/de\/impressum\/","og_site_name":"TENADO","article_publisher":"https:\/\/www.facebook.com\/revalize\/","article_modified_time":"2026-01-06T14:53:21+00:00","og_image":[{"width":640,"height":156,"url":"https:\/\/tenado.de\/wp-content\/uploads\/2023\/05\/TENADO-From-Revalize-logo.webp","type":"image\/webp"}],"twitter_card":"summary_large_image","twitter_site":"@revalize","twitter_misc":{"Gesch\u00e4tzte Lesezeit":"2\u00a0Minuten"},"schema":{"@context":"https:\/\/schema.org","@graph":[{"@type":"WebPage","@id":"https:\/\/tenado.de\/de\/impressum\/","url":"https:\/\/tenado.de\/de\/impressum\/","name":"Impressum | TENADO","isPartOf":{"@id":"https:\/\/tenado.de\/de\/#website"},"datePublished":"2023-10-18T14:53:35+00:00","dateModified":"2026-01-06T14:53:21+00:00","description":"TENADO CAD ist die professionelle Zeichensoftware f\u00fcr alle Branchen, in denen mir technischen Zeichnungen oder 3D-Modellen arbeiten.","breadcrumb":{"@id":"https:\/\/tenado.de\/de\/impressum\/#breadcrumb"},"inLanguage":"de","potentialAction":[{"@type":"ReadAction","target":["https:\/\/tenado.de\/de\/impressum\/"]}]},{"@type":"BreadcrumbList","@id":"https:\/\/tenado.de\/de\/impressum\/#breadcrumb","itemListElement":[{"@type":"ListItem","position":1,"name":"Home","item":"https:\/\/tenado.de\/de\/"},{"@type":"ListItem","position":2,"name":"Impressum"}]},{"@type":"WebSite","@id":"https:\/\/tenado.de\/de\/#website","url":"https:\/\/tenado.de\/de\/","name":"TENADO","description":"Great Starts With","publisher":{"@id":"https:\/\/tenado.de\/de\/#organization"},"potentialAction":[{"@type":"SearchAction","target":{"@type":"EntryPoint","urlTemplate":"https:\/\/tenado.de\/de\/?s={search_term_string}"},"query-input":{"@type":"PropertyValueSpecification","valueRequired":true,"valueName":"search_term_string"}}],"inLanguage":"de"},{"@type":"Organization","@id":"https:\/\/tenado.de\/de\/#organization","name":"TENADO","url":"https:\/\/tenado.de\/de\/","logo":{"@type":"ImageObject","inLanguage":"de","@id":"https:\/\/tenado.de\/de\/#\/schema\/logo\/image\/","url":"https:\/\/tenado.de\/wp-content\/uploads\/2023\/05\/TENADO-From-Revalize-logo.png","contentUrl":"https:\/\/tenado.de\/wp-content\/uploads\/2023\/05\/TENADO-From-Revalize-logo.png","width":640,"height":156,"caption":"TENADO"},"image":{"@id":"https:\/\/tenado.de\/de\/#\/schema\/logo\/image\/"},"sameAs":["https:\/\/www.facebook.com\/revalize\/","https:\/\/x.com\/revalize","https:\/\/www.linkedin.com\/company\/revalize\/"]}]}},"_links":{"self":[{"href":"https:\/\/tenado.de\/de\/wp-json\/wp\/v2\/pages\/13457","targetHints":{"allow":["GET"]}}],"collection":[{"href":"https:\/\/tenado.de\/de\/wp-json\/wp\/v2\/pages"}],"about":[{"href":"https:\/\/tenado.de\/de\/wp-json\/wp\/v2\/types\/page"}],"author":[{"embeddable":true,"href":"https:\/\/tenado.de\/de\/wp-json\/wp\/v2\/users\/12"}],"replies":[{"embeddable":true,"href":"https:\/\/tenado.de\/de\/wp-json\/wp\/v2\/comments?post=13457"}],"version-history":[{"count":0,"href":"https:\/\/tenado.de\/de\/wp-json\/wp\/v2\/pages\/13457\/revisions"}],"wp:attachment":[{"href":"https:\/\/tenado.de\/de\/wp-json\/wp\/v2\/media?parent=13457"}],"curies":[{"name":"wp","href":"https:\/\/api.w.org\/{rel}","templated":true}]}}