{"id":11463,"date":"2023-01-06T12:38:58","date_gmt":"2023-01-06T11:38:58","guid":{"rendered":"https:\/\/tenado.de\/service\/"},"modified":"2025-12-16T12:01:55","modified_gmt":"2025-12-16T11:01:55","slug":"service","status":"publish","type":"page","link":"https:\/\/tenado.de\/de\/service\/","title":{"rendered":"Service"},"content":{"rendered":"\t\t<div data-elementor-type=\"wp-page\" data-elementor-id=\"11463\" class=\"elementor elementor-11463 elementor-9828\" data-elementor-post-type=\"page\">\n\t\t\t\t\t\t<section class=\"elementor-section elementor-top-section elementor-element elementor-element-35d5e28 elementor-section-content-middle elementor-reverse-mobile elementor-section-boxed elementor-section-height-default elementor-section-height-default\" data-id=\"35d5e28\" data-element_type=\"section\" data-e-type=\"section\">\n\t\t\t\t\t\t<div class=\"elementor-container elementor-column-gap-default\">\n\t\t\t\t\t<div class=\"elementor-column elementor-col-50 elementor-top-column elementor-element elementor-element-1352412\" data-id=\"1352412\" data-element_type=\"column\" data-e-type=\"column\">\n\t\t\t<div class=\"elementor-widget-wrap elementor-element-populated\">\n\t\t\t\t\t\t<div class=\"elementor-element elementor-element-e865be7 elementor-widget elementor-widget-heading\" data-id=\"e865be7\" data-element_type=\"widget\" data-e-type=\"widget\" data-widget_type=\"heading.default\">\n\t\t\t\t<div class=\"elementor-widget-container\">\n\t\t\t\t\t<h2 class=\"elementor-heading-title elementor-size-default\">Unser Service<\/h2>\t\t\t\t<\/div>\n\t\t\t\t<\/div>\n\t\t\t\t<div class=\"elementor-element elementor-element-d338a86 elementor-widget elementor-widget-heading\" data-id=\"d338a86\" data-element_type=\"widget\" data-e-type=\"widget\" data-widget_type=\"heading.default\">\n\t\t\t\t<div class=\"elementor-widget-container\">\n\t\t\t\t\t<h2 class=\"elementor-heading-title elementor-size-default\">Genaue Antworten, smarte L\u00f6sungen!<\/h2>\t\t\t\t<\/div>\n\t\t\t\t<\/div>\n\t\t\t\t<div class=\"elementor-element elementor-element-b4a63b6 elementor-widget elementor-widget-heading\" data-id=\"b4a63b6\" data-element_type=\"widget\" data-e-type=\"widget\" data-widget_type=\"heading.default\">\n\t\t\t\t<div class=\"elementor-widget-container\">\n\t\t\t\t\t<h2 class=\"elementor-heading-title elementor-size-default\">Suchen Sie Unterst\u00fctzung?<\/h2>\t\t\t\t<\/div>\n\t\t\t\t<\/div>\n\t\t\t\t<div class=\"elementor-element elementor-element-1146f69 diamond-btn-dark-blue elementor-widget elementor-widget-button\" data-id=\"1146f69\" data-element_type=\"widget\" data-e-type=\"widget\" data-widget_type=\"button.default\">\n\t\t\t\t<div class=\"elementor-widget-container\">\n\t\t\t\t\t\t\t\t\t<div class=\"elementor-button-wrapper\">\n\t\t\t\t\t<a class=\"elementor-button elementor-button-link elementor-size-sm\" href=\"https:\/\/support.revalizesoftware.com\/login\" target=\"_blank\">\n\t\t\t\t\t\t<span class=\"elementor-button-content-wrapper\">\n\t\t\t\t\t\t\t\t\t<span class=\"elementor-button-text\">Besuchen Sie unser Support-Portal<\/span>\n\t\t\t\t\t<\/span>\n\t\t\t\t\t<\/a>\n\t\t\t\t<\/div>\n\t\t\t\t\t\t\t\t<\/div>\n\t\t\t\t<\/div>\n\t\t\t\t\t<\/div>\n\t\t<\/div>\n\t\t\t\t<div class=\"elementor-column elementor-col-50 elementor-top-column elementor-element elementor-element-68d1907\" data-id=\"68d1907\" data-element_type=\"column\" data-e-type=\"column\">\n\t\t\t<div class=\"elementor-widget-wrap elementor-element-populated\">\n\t\t\t\t\t\t<div class=\"elementor-element elementor-element-1034178 elementor-widget elementor-widget-image\" data-id=\"1034178\" data-element_type=\"widget\" data-e-type=\"widget\" data-widget_type=\"image.default\">\n\t\t\t\t<div class=\"elementor-widget-container\">\n\t\t\t\t\t\t\t\t\t\t\t\t\t\t\t<img fetchpriority=\"high\" decoding=\"async\" width=\"687\" height=\"802\" src=\"https:\/\/tenado.de\/wp-content\/uploads\/2023\/12\/t-service-hero.webp\" class=\"attachment-large size-large wp-image-13646\" alt=\"\" srcset=\"https:\/\/tenado.de\/wp-content\/uploads\/2023\/12\/t-service-hero.webp 687w, https:\/\/tenado.de\/wp-content\/uploads\/2023\/12\/t-service-hero-257x300.webp 257w\" sizes=\"(max-width: 687px) 100vw, 687px\" \/>\t\t\t\t\t\t\t\t\t\t\t\t\t\t\t<\/div>\n\t\t\t\t<\/div>\n\t\t\t\t\t<\/div>\n\t\t<\/div>\n\t\t\t\t\t<\/div>\n\t\t<\/section>\n\t\t\t\t<section class=\"elementor-section elementor-top-section elementor-element elementor-element-48652a1 elementor-section-content-middle elementor-reverse-mobile elementor-section-boxed elementor-section-height-default elementor-section-height-default\" data-id=\"48652a1\" data-element_type=\"section\" data-e-type=\"section\" data-settings=\"{&quot;background_background&quot;:&quot;classic&quot;}\">\n\t\t\t\t\t\t\t<div class=\"elementor-background-overlay\"><\/div>\n\t\t\t\t\t\t\t<div class=\"elementor-container elementor-column-gap-wide\">\n\t\t\t\t\t<div class=\"elementor-column elementor-col-100 elementor-top-column elementor-element elementor-element-5ee11e0\" data-id=\"5ee11e0\" data-element_type=\"column\" data-e-type=\"column\">\n\t\t\t<div class=\"elementor-widget-wrap elementor-element-populated\">\n\t\t\t\t\t\t<div class=\"elementor-element elementor-element-954a370 elementor-widget elementor-widget-heading\" data-id=\"954a370\" data-element_type=\"widget\" data-e-type=\"widget\" data-widget_type=\"heading.default\">\n\t\t\t\t<div class=\"elementor-widget-container\">\n\t\t\t\t\t<h3 class=\"elementor-heading-title elementor-size-default\">TENADO Premium Care<\/h3>\t\t\t\t<\/div>\n\t\t\t\t<\/div>\n\t\t\t\t<div class=\"elementor-element elementor-element-aa53cd0 elementor-widget elementor-widget-text-editor\" data-id=\"aa53cd0\" data-element_type=\"widget\" data-e-type=\"widget\" data-widget_type=\"text-editor.default\">\n\t\t\t\t<div class=\"elementor-widget-container\">\n\t\t\t\t\t\t\t\t\t<p>Premium Care ist Ihre individuelle Rundum-Sorglos-Flatrate f\u00fcr unser 2D Portfolio. Das Customer Support Portal ist immer und von \u00fcberall aus erreichbar und das Team bietet clevere L\u00f6sungen f\u00fcr Ihre Probleme. Ob per Telefon, E-Mail oder live \u2013 wir helfen Ihnen gerne weiter.<\/p><ul><li>Aktualit\u00e4tsgarantie: Alle Updates und Upgrades f\u00fcr Ihre 2D-L\u00f6sung inklusive<\/li><li>Zugriff auf die Revalize Global Support Platform (Customer Support Portal)<\/li><li>R\u00fcckrufservice<\/li><li>Online-Live-Unterst\u00fctzung<\/li><li>Konstruktionsvorschl\u00e4ge<\/li><li>Zugang zu unseren Fachinformationen<\/li><\/ul>\t\t\t\t\t\t\t\t<\/div>\n\t\t\t\t<\/div>\n\t\t\t\t\t<\/div>\n\t\t<\/div>\n\t\t\t\t\t<\/div>\n\t\t<\/section>\n\t\t<div class=\"elementor-element elementor-element-471a19d e-flex e-con-boxed e-con e-parent\" data-id=\"471a19d\" data-element_type=\"container\" data-e-type=\"container\" data-settings=\"{&quot;background_background&quot;:&quot;classic&quot;}\">\n\t\t\t\t\t<div class=\"e-con-inner\">\n\t\t<div class=\"elementor-element elementor-element-b410910 e-flex e-con-boxed e-con e-child\" data-id=\"b410910\" data-element_type=\"container\" data-e-type=\"container\">\n\t\t\t\t\t<div class=\"e-con-inner\">\n\t\t\t\t<div class=\"elementor-element elementor-element-5d8ea55 elementor-widget elementor-widget-heading\" data-id=\"5d8ea55\" data-element_type=\"widget\" data-e-type=\"widget\" data-widget_type=\"heading.default\">\n\t\t\t\t<div class=\"elementor-widget-container\">\n\t\t\t\t\t<h2 class=\"elementor-heading-title elementor-size-default\">TENADO Live-Support<\/h2>\t\t\t\t<\/div>\n\t\t\t\t<\/div>\n\t\t\t\t<div class=\"elementor-element elementor-element-415c295 elementor-widget elementor-widget-text-editor\" data-id=\"415c295\" data-element_type=\"widget\" data-e-type=\"widget\" data-widget_type=\"text-editor.default\">\n\t\t\t\t<div class=\"elementor-widget-container\">\n\t\t\t\t\t\t\t\t\t<p class=\"x_MsoNormal\">Das Internet macht es m\u00f6glich. Nur so k\u00f6nnen wir einfach mal bei Ihnen vorbeischauen &#8211; nat\u00fcrlich nur, wenn Sie das wollen und erlauben. Wir nennen das Live-Support.<\/p><p class=\"x_MsoNormal\"><br \/><em>So einfach geht&#8217;s!<\/em><\/p><p class=\"x_MsoNormal\"><br \/>Damit wir uns sehen k\u00f6nnen, ben\u00f6tigen Sie TeamViewer. Klicken Sie einfach auf das TeamViewer-Logo unten, laden Sie das Programm herunter und starten Sie es. Alles Weitere erkl\u00e4rt Ihnen unser Support-Team direkt am Telefon.<\/p>\t\t\t\t\t\t\t\t<\/div>\n\t\t\t\t<\/div>\n\t\t\t\t<div class=\"elementor-element elementor-element-fcb1a7c elementor-widget elementor-widget-image\" data-id=\"fcb1a7c\" data-element_type=\"widget\" data-e-type=\"widget\" data-widget_type=\"image.default\">\n\t\t\t\t<div class=\"elementor-widget-container\">\n\t\t\t\t\t\t\t\t\t\t\t\t\t\t\t\t<a href=\"https:\/\/get.teamviewer.com\/tenado-ls\" target=\"_blank\">\n\t\t\t\t\t\t\t<img decoding=\"async\" width=\"300\" height=\"65\" src=\"https:\/\/tenado.de\/wp-content\/uploads\/2025\/03\/csm_Logo-TeamViewer-300x65.png\" class=\"attachment-medium size-medium wp-image-14390\" alt=\"\" srcset=\"https:\/\/tenado.de\/wp-content\/uploads\/2025\/03\/csm_Logo-TeamViewer-300x65.png 300w, https:\/\/tenado.de\/wp-content\/uploads\/2025\/03\/csm_Logo-TeamViewer-1024x222.png 1024w, https:\/\/tenado.de\/wp-content\/uploads\/2025\/03\/csm_Logo-TeamViewer-768x167.png 768w, https:\/\/tenado.de\/wp-content\/uploads\/2025\/03\/csm_Logo-TeamViewer.png 1280w\" sizes=\"(max-width: 300px) 100vw, 300px\" \/>\t\t\t\t\t\t\t\t<\/a>\n\t\t\t\t\t\t\t\t\t\t\t\t\t\t\t<\/div>\n\t\t\t\t<\/div>\n\t\t\t\t\t<\/div>\n\t\t\t\t<\/div>\n\t\t\t\t\t<\/div>\n\t\t\t\t<\/div>\n\t\t<div class=\"elementor-element elementor-element-8654ef4 e-flex e-con-boxed e-con e-parent\" data-id=\"8654ef4\" data-element_type=\"container\" data-e-type=\"container\">\n\t\t\t\t\t<div class=\"e-con-inner\">\n\t\t<div class=\"elementor-element elementor-element-6e58332 e-con-full e-flex e-con e-child\" data-id=\"6e58332\" data-element_type=\"container\" data-e-type=\"container\">\n\t\t\t\t<div class=\"elementor-element elementor-element-49daef5 elementor-widget elementor-widget-heading\" data-id=\"49daef5\" data-element_type=\"widget\" data-e-type=\"widget\" data-widget_type=\"heading.default\">\n\t\t\t\t<div class=\"elementor-widget-container\">\n\t\t\t\t\t<h2 class=\"elementor-heading-title elementor-size-default\">Aktualit\u00e4tsgarantie<\/h2>\t\t\t\t<\/div>\n\t\t\t\t<\/div>\n\t\t\t\t<div class=\"elementor-element elementor-element-e9ecc4a elementor-widget elementor-widget-text-editor\" data-id=\"e9ecc4a\" data-element_type=\"widget\" data-e-type=\"widget\" data-widget_type=\"text-editor.default\">\n\t\t\t\t<div class=\"elementor-widget-container\">\n\t\t\t\t\t\t\t\t\t<p>ALLE Updates und neuen Versionen sind f\u00fcr die 2D-Produkte unserer Premium Care-Kunden inklusive. So arbeiten Sie immer auf dem neuesten Stand: Von der kleinsten Programm-erg\u00e4nzung bis hin zu einer komplett \u00fcberarbeiteten neuen Programmversion ist bei Premium Care alles im Preis enthalten. Neue Komponenten, Standards und innovative Entwicklungen \u2013 wir informieren Sie, und Sie k\u00f6nnen Ihr Programm-Update oder -Upgrade im Customer Portal herunterladen. Das geht schnell, einfach und spart eine Menge Geld.<\/p>\t\t\t\t\t\t\t\t<\/div>\n\t\t\t\t<\/div>\n\t\t\t\t<\/div>\n\t\t<div class=\"elementor-element elementor-element-0b0bb5c e-con-full e-flex e-con e-child\" data-id=\"0b0bb5c\" data-element_type=\"container\" data-e-type=\"container\">\n\t\t\t\t<div class=\"elementor-element elementor-element-68a304a elementor-widget elementor-widget-image\" data-id=\"68a304a\" data-element_type=\"widget\" data-e-type=\"widget\" data-widget_type=\"image.default\">\n\t\t\t\t<div class=\"elementor-widget-container\">\n\t\t\t\t\t\t\t\t\t\t\t\t\t\t\t<img decoding=\"async\" width=\"300\" height=\"286\" src=\"https:\/\/tenado.de\/wp-content\/uploads\/2023\/08\/blog-img-43-300x286.webp\" class=\"attachment-medium size-medium wp-image-12920\" alt=\"\" srcset=\"https:\/\/tenado.de\/wp-content\/uploads\/2023\/08\/blog-img-43-300x286.webp 300w, https:\/\/tenado.de\/wp-content\/uploads\/2023\/08\/blog-img-43.webp 710w\" sizes=\"(max-width: 300px) 100vw, 300px\" \/>\t\t\t\t\t\t\t\t\t\t\t\t\t\t\t<\/div>\n\t\t\t\t<\/div>\n\t\t\t\t<\/div>\n\t\t\t\t\t<\/div>\n\t\t\t\t<\/div>\n\t\t<div class=\"elementor-element elementor-element-fbc83e9 e-flex e-con-boxed e-con e-parent\" data-id=\"fbc83e9\" data-element_type=\"container\" data-e-type=\"container\" data-settings=\"{&quot;background_background&quot;:&quot;classic&quot;}\">\n\t\t\t\t\t<div class=\"e-con-inner\">\n\t\t<div class=\"elementor-element elementor-element-fc4e669 e-con-full e-flex e-con e-child\" data-id=\"fc4e669\" data-element_type=\"container\" data-e-type=\"container\" data-settings=\"{&quot;background_background&quot;:&quot;classic&quot;}\">\n\t\t\t\t<div class=\"elementor-element elementor-element-460e707 elementor-widget elementor-widget-heading\" data-id=\"460e707\" data-element_type=\"widget\" data-e-type=\"widget\" data-widget_type=\"heading.default\">\n\t\t\t\t<div class=\"elementor-widget-container\">\n\t\t\t\t\t<h2 class=\"elementor-heading-title elementor-size-default\">Pers\u00f6nliche Unterst\u00fctzung<\/h2>\t\t\t\t<\/div>\n\t\t\t\t<\/div>\n\t\t\t\t<div class=\"elementor-element elementor-element-edd5d15 elementor-widget elementor-widget-text-editor\" data-id=\"edd5d15\" data-element_type=\"widget\" data-e-type=\"widget\" data-widget_type=\"text-editor.default\">\n\t\t\t\t<div class=\"elementor-widget-container\">\n\t\t\t\t\t\t\t\t\t<p>Ob telefonisch oder online, wir sind immer pers\u00f6nlich f\u00fcr Sie da. Unsere Experten beantworten Ihre Fragen direkt, liefern L\u00f6sungen oder k\u00fcmmern sich um Ihre Konstruktionsprobleme. Sie senden uns Ihre Dateien, wir l\u00f6sen Ihr Problem.<\/p>\t\t\t\t\t\t\t\t<\/div>\n\t\t\t\t<\/div>\n\t\t\t\t<\/div>\n\t\t<div class=\"elementor-element elementor-element-853f3db e-con-full e-flex e-con e-child\" data-id=\"853f3db\" data-element_type=\"container\" data-e-type=\"container\" data-settings=\"{&quot;background_background&quot;:&quot;classic&quot;}\">\n\t\t\t\t<div class=\"elementor-element elementor-element-d0af18f elementor-widget elementor-widget-heading\" data-id=\"d0af18f\" data-element_type=\"widget\" data-e-type=\"widget\" data-widget_type=\"heading.default\">\n\t\t\t\t<div class=\"elementor-widget-container\">\n\t\t\t\t\t<h2 class=\"elementor-heading-title elementor-size-default\">Live-Unterst\u00fctzung<\/h2>\t\t\t\t<\/div>\n\t\t\t\t<\/div>\n\t\t\t\t<div class=\"elementor-element elementor-element-ca49453 elementor-widget elementor-widget-text-editor\" data-id=\"ca49453\" data-element_type=\"widget\" data-e-type=\"widget\" data-widget_type=\"text-editor.default\">\n\t\t\t\t<div class=\"elementor-widget-container\">\n\t\t\t\t\t\t\t\t\t<p>Manchmal hilft es, einfach live dabei zu sein. Deshalb setzen wir eine Software ein, mit der Sie uns auf dem Monitor zusehen oder wir Ihnen zusehen k\u00f6nnen. So erkennen wir Fehler schneller und k\u00f6nnen m\u00f6gliche L\u00f6sungen leichter erkl\u00e4ren.<\/p>\t\t\t\t\t\t\t\t<\/div>\n\t\t\t\t<\/div>\n\t\t\t\t<\/div>\n\t\t<div class=\"elementor-element elementor-element-781b02f e-con-full e-flex e-con e-child\" data-id=\"781b02f\" data-element_type=\"container\" data-e-type=\"container\" data-settings=\"{&quot;background_background&quot;:&quot;classic&quot;}\">\n\t\t\t\t<div class=\"elementor-element elementor-element-82d88a7 elementor-widget elementor-widget-heading\" data-id=\"82d88a7\" data-element_type=\"widget\" data-e-type=\"widget\" data-widget_type=\"heading.default\">\n\t\t\t\t<div class=\"elementor-widget-container\">\n\t\t\t\t\t<h2 class=\"elementor-heading-title elementor-size-default\">Fachliches \nWissen<\/h2>\t\t\t\t<\/div>\n\t\t\t\t<\/div>\n\t\t\t\t<div class=\"elementor-element elementor-element-66baab3 elementor-widget elementor-widget-text-editor\" data-id=\"66baab3\" data-element_type=\"widget\" data-e-type=\"widget\" data-widget_type=\"text-editor.default\">\n\t\t\t\t<div class=\"elementor-widget-container\">\n\t\t\t\t\t\t\t\t\t<p>Anleitungen, Informationen und spezielle Tipps &#8211; in den Fachinformationen haben unsere Profis alles Wissenswerte leicht verst\u00e4ndlich zusammengestellt. Sie sind jederzeit in Ihrem Customer Portal abrufbar.<\/p>\t\t\t\t\t\t\t\t<\/div>\n\t\t\t\t<\/div>\n\t\t\t\t<\/div>\n\t\t\t\t\t<\/div>\n\t\t\t\t<\/div>\n\t\t\t\t<\/div>\n\t\t","protected":false},"excerpt":{"rendered":"<p>Unser Service Genaue Antworten, smarte L\u00f6sungen! Suchen Sie Unterst\u00fctzung? Besuchen Sie unser Support-Portal TENADO Premium Care Premium Care ist Ihre individuelle Rundum-Sorglos-Flatrate f\u00fcr unser 2D Portfolio. Das Customer Support Portal ist immer und von \u00fcberall aus erreichbar und das Team bietet clevere L\u00f6sungen f\u00fcr Ihre Probleme. Ob per Telefon, E-Mail oder live \u2013 wir helfen [&hellip;]<\/p>\n","protected":false},"author":12,"featured_media":0,"parent":0,"menu_order":37,"comment_status":"closed","ping_status":"closed","template":"","meta":{"content-type":"","inline_featured_image":false,"footnotes":""},"class_list":["post-11463","page","type-page","status-publish","hentry"],"yoast_head":"<!-- This site is optimized with the Yoast SEO plugin v27.5 - https:\/\/yoast.com\/product\/yoast-seo-wordpress\/ -->\n<title>Service | TENADO<\/title>\n<meta name=\"description\" content=\"Ihre individuelle Sorglos-Flatrate f\u00fcr genaue Antworten und smarte L\u00f6sungen! Pers\u00f6nliche Ansprechpartner, immer erreichbar, mit cleveren L\u00f6sungen f\u00fcr Ihre Probleme. Ob telefonisch, per Mail oder live \u2013 wir helfen Ihnen gern.\" \/>\n<meta name=\"robots\" content=\"index, follow, max-snippet:-1, max-image-preview:large, max-video-preview:-1\" \/>\n<link rel=\"canonical\" href=\"https:\/\/tenado.de\/de\/service\/\" \/>\n<meta property=\"og:locale\" content=\"de_DE\" \/>\n<meta property=\"og:type\" content=\"article\" \/>\n<meta property=\"og:title\" content=\"Service | TENADO\" \/>\n<meta property=\"og:description\" content=\"Ihre individuelle Sorglos-Flatrate f\u00fcr genaue Antworten und smarte L\u00f6sungen! Pers\u00f6nliche Ansprechpartner, immer erreichbar, mit cleveren L\u00f6sungen f\u00fcr Ihre Probleme. Ob telefonisch, per Mail oder live \u2013 wir helfen Ihnen gern.\" \/>\n<meta property=\"og:url\" content=\"https:\/\/tenado.de\/de\/service\/\" \/>\n<meta property=\"og:site_name\" content=\"TENADO\" \/>\n<meta property=\"article:publisher\" content=\"https:\/\/www.facebook.com\/revalize\/\" \/>\n<meta property=\"article:modified_time\" content=\"2025-12-16T11:01:55+00:00\" \/>\n<meta property=\"og:image\" content=\"https:\/\/tenado.de\/wp-content\/uploads\/2023\/12\/t-service-hero.webp\" \/>\n\t<meta property=\"og:image:width\" content=\"687\" \/>\n\t<meta property=\"og:image:height\" content=\"802\" \/>\n\t<meta property=\"og:image:type\" content=\"image\/webp\" \/>\n<meta name=\"twitter:card\" content=\"summary_large_image\" \/>\n<meta name=\"twitter:site\" content=\"@revalize\" \/>\n<meta name=\"twitter:label1\" content=\"Gesch\u00e4tzte Lesezeit\" \/>\n\t<meta name=\"twitter:data1\" content=\"3\u00a0Minuten\" \/>\n<script type=\"application\/ld+json\" class=\"yoast-schema-graph\">{\"@context\":\"https:\\\/\\\/schema.org\",\"@graph\":[{\"@type\":\"WebPage\",\"@id\":\"https:\\\/\\\/tenado.de\\\/de\\\/service\\\/\",\"url\":\"https:\\\/\\\/tenado.de\\\/de\\\/service\\\/\",\"name\":\"Service | TENADO\",\"isPartOf\":{\"@id\":\"https:\\\/\\\/tenado.de\\\/de\\\/#website\"},\"primaryImageOfPage\":{\"@id\":\"https:\\\/\\\/tenado.de\\\/de\\\/service\\\/#primaryimage\"},\"image\":{\"@id\":\"https:\\\/\\\/tenado.de\\\/de\\\/service\\\/#primaryimage\"},\"thumbnailUrl\":\"https:\\\/\\\/tenado.de\\\/wp-content\\\/uploads\\\/2023\\\/12\\\/t-service-hero.webp\",\"datePublished\":\"2023-01-06T11:38:58+00:00\",\"dateModified\":\"2025-12-16T11:01:55+00:00\",\"description\":\"Ihre individuelle Sorglos-Flatrate f\u00fcr genaue Antworten und smarte L\u00f6sungen! Pers\u00f6nliche Ansprechpartner, immer erreichbar, mit cleveren L\u00f6sungen f\u00fcr Ihre Probleme. Ob telefonisch, per Mail oder live \u2013 wir helfen Ihnen gern.\",\"breadcrumb\":{\"@id\":\"https:\\\/\\\/tenado.de\\\/de\\\/service\\\/#breadcrumb\"},\"inLanguage\":\"de\",\"potentialAction\":[{\"@type\":\"ReadAction\",\"target\":[\"https:\\\/\\\/tenado.de\\\/de\\\/service\\\/\"]}]},{\"@type\":\"ImageObject\",\"inLanguage\":\"de\",\"@id\":\"https:\\\/\\\/tenado.de\\\/de\\\/service\\\/#primaryimage\",\"url\":\"https:\\\/\\\/tenado.de\\\/wp-content\\\/uploads\\\/2023\\\/12\\\/t-service-hero.webp\",\"contentUrl\":\"https:\\\/\\\/tenado.de\\\/wp-content\\\/uploads\\\/2023\\\/12\\\/t-service-hero.webp\"},{\"@type\":\"BreadcrumbList\",\"@id\":\"https:\\\/\\\/tenado.de\\\/de\\\/service\\\/#breadcrumb\",\"itemListElement\":[{\"@type\":\"ListItem\",\"position\":1,\"name\":\"Home\",\"item\":\"https:\\\/\\\/tenado.de\\\/de\\\/\"},{\"@type\":\"ListItem\",\"position\":2,\"name\":\"Service\"}]},{\"@type\":\"WebSite\",\"@id\":\"https:\\\/\\\/tenado.de\\\/de\\\/#website\",\"url\":\"https:\\\/\\\/tenado.de\\\/de\\\/\",\"name\":\"TENADO\",\"description\":\"Great Starts With\",\"publisher\":{\"@id\":\"https:\\\/\\\/tenado.de\\\/de\\\/#organization\"},\"potentialAction\":[{\"@type\":\"SearchAction\",\"target\":{\"@type\":\"EntryPoint\",\"urlTemplate\":\"https:\\\/\\\/tenado.de\\\/de\\\/?s={search_term_string}\"},\"query-input\":{\"@type\":\"PropertyValueSpecification\",\"valueRequired\":true,\"valueName\":\"search_term_string\"}}],\"inLanguage\":\"de\"},{\"@type\":\"Organization\",\"@id\":\"https:\\\/\\\/tenado.de\\\/de\\\/#organization\",\"name\":\"TENADO\",\"url\":\"https:\\\/\\\/tenado.de\\\/de\\\/\",\"logo\":{\"@type\":\"ImageObject\",\"inLanguage\":\"de\",\"@id\":\"https:\\\/\\\/tenado.de\\\/de\\\/#\\\/schema\\\/logo\\\/image\\\/\",\"url\":\"https:\\\/\\\/tenado.de\\\/wp-content\\\/uploads\\\/2023\\\/05\\\/TENADO-From-Revalize-logo.png\",\"contentUrl\":\"https:\\\/\\\/tenado.de\\\/wp-content\\\/uploads\\\/2023\\\/05\\\/TENADO-From-Revalize-logo.png\",\"width\":640,\"height\":156,\"caption\":\"TENADO\"},\"image\":{\"@id\":\"https:\\\/\\\/tenado.de\\\/de\\\/#\\\/schema\\\/logo\\\/image\\\/\"},\"sameAs\":[\"https:\\\/\\\/www.facebook.com\\\/revalize\\\/\",\"https:\\\/\\\/x.com\\\/revalize\",\"https:\\\/\\\/www.linkedin.com\\\/company\\\/revalize\\\/\"]}]}<\/script>\n<!-- \/ Yoast SEO plugin. -->","yoast_head_json":{"title":"Service | TENADO","description":"Ihre individuelle Sorglos-Flatrate f\u00fcr genaue Antworten und smarte L\u00f6sungen! Pers\u00f6nliche Ansprechpartner, immer erreichbar, mit cleveren L\u00f6sungen f\u00fcr Ihre Probleme. Ob telefonisch, per Mail oder live \u2013 wir helfen Ihnen gern.","robots":{"index":"index","follow":"follow","max-snippet":"max-snippet:-1","max-image-preview":"max-image-preview:large","max-video-preview":"max-video-preview:-1"},"canonical":"https:\/\/tenado.de\/de\/service\/","og_locale":"de_DE","og_type":"article","og_title":"Service | TENADO","og_description":"Ihre individuelle Sorglos-Flatrate f\u00fcr genaue Antworten und smarte L\u00f6sungen! Pers\u00f6nliche Ansprechpartner, immer erreichbar, mit cleveren L\u00f6sungen f\u00fcr Ihre Probleme. Ob telefonisch, per Mail oder live \u2013 wir helfen Ihnen gern.","og_url":"https:\/\/tenado.de\/de\/service\/","og_site_name":"TENADO","article_publisher":"https:\/\/www.facebook.com\/revalize\/","article_modified_time":"2025-12-16T11:01:55+00:00","og_image":[{"width":687,"height":802,"url":"https:\/\/tenado.de\/wp-content\/uploads\/2023\/12\/t-service-hero.webp","type":"image\/webp"}],"twitter_card":"summary_large_image","twitter_site":"@revalize","twitter_misc":{"Gesch\u00e4tzte Lesezeit":"3\u00a0Minuten"},"schema":{"@context":"https:\/\/schema.org","@graph":[{"@type":"WebPage","@id":"https:\/\/tenado.de\/de\/service\/","url":"https:\/\/tenado.de\/de\/service\/","name":"Service | TENADO","isPartOf":{"@id":"https:\/\/tenado.de\/de\/#website"},"primaryImageOfPage":{"@id":"https:\/\/tenado.de\/de\/service\/#primaryimage"},"image":{"@id":"https:\/\/tenado.de\/de\/service\/#primaryimage"},"thumbnailUrl":"https:\/\/tenado.de\/wp-content\/uploads\/2023\/12\/t-service-hero.webp","datePublished":"2023-01-06T11:38:58+00:00","dateModified":"2025-12-16T11:01:55+00:00","description":"Ihre individuelle Sorglos-Flatrate f\u00fcr genaue Antworten und smarte L\u00f6sungen! Pers\u00f6nliche Ansprechpartner, immer erreichbar, mit cleveren L\u00f6sungen f\u00fcr Ihre Probleme. Ob telefonisch, per Mail oder live \u2013 wir helfen Ihnen gern.","breadcrumb":{"@id":"https:\/\/tenado.de\/de\/service\/#breadcrumb"},"inLanguage":"de","potentialAction":[{"@type":"ReadAction","target":["https:\/\/tenado.de\/de\/service\/"]}]},{"@type":"ImageObject","inLanguage":"de","@id":"https:\/\/tenado.de\/de\/service\/#primaryimage","url":"https:\/\/tenado.de\/wp-content\/uploads\/2023\/12\/t-service-hero.webp","contentUrl":"https:\/\/tenado.de\/wp-content\/uploads\/2023\/12\/t-service-hero.webp"},{"@type":"BreadcrumbList","@id":"https:\/\/tenado.de\/de\/service\/#breadcrumb","itemListElement":[{"@type":"ListItem","position":1,"name":"Home","item":"https:\/\/tenado.de\/de\/"},{"@type":"ListItem","position":2,"name":"Service"}]},{"@type":"WebSite","@id":"https:\/\/tenado.de\/de\/#website","url":"https:\/\/tenado.de\/de\/","name":"TENADO","description":"Great Starts With","publisher":{"@id":"https:\/\/tenado.de\/de\/#organization"},"potentialAction":[{"@type":"SearchAction","target":{"@type":"EntryPoint","urlTemplate":"https:\/\/tenado.de\/de\/?s={search_term_string}"},"query-input":{"@type":"PropertyValueSpecification","valueRequired":true,"valueName":"search_term_string"}}],"inLanguage":"de"},{"@type":"Organization","@id":"https:\/\/tenado.de\/de\/#organization","name":"TENADO","url":"https:\/\/tenado.de\/de\/","logo":{"@type":"ImageObject","inLanguage":"de","@id":"https:\/\/tenado.de\/de\/#\/schema\/logo\/image\/","url":"https:\/\/tenado.de\/wp-content\/uploads\/2023\/05\/TENADO-From-Revalize-logo.png","contentUrl":"https:\/\/tenado.de\/wp-content\/uploads\/2023\/05\/TENADO-From-Revalize-logo.png","width":640,"height":156,"caption":"TENADO"},"image":{"@id":"https:\/\/tenado.de\/de\/#\/schema\/logo\/image\/"},"sameAs":["https:\/\/www.facebook.com\/revalize\/","https:\/\/x.com\/revalize","https:\/\/www.linkedin.com\/company\/revalize\/"]}]}},"_links":{"self":[{"href":"https:\/\/tenado.de\/de\/wp-json\/wp\/v2\/pages\/11463","targetHints":{"allow":["GET"]}}],"collection":[{"href":"https:\/\/tenado.de\/de\/wp-json\/wp\/v2\/pages"}],"about":[{"href":"https:\/\/tenado.de\/de\/wp-json\/wp\/v2\/types\/page"}],"author":[{"embeddable":true,"href":"https:\/\/tenado.de\/de\/wp-json\/wp\/v2\/users\/12"}],"replies":[{"embeddable":true,"href":"https:\/\/tenado.de\/de\/wp-json\/wp\/v2\/comments?post=11463"}],"version-history":[{"count":0,"href":"https:\/\/tenado.de\/de\/wp-json\/wp\/v2\/pages\/11463\/revisions"}],"wp:attachment":[{"href":"https:\/\/tenado.de\/de\/wp-json\/wp\/v2\/media?parent=11463"}],"curies":[{"name":"wp","href":"https:\/\/api.w.org\/{rel}","templated":true}]}}