{"id":11461,"date":"2023-05-16T17:46:27","date_gmt":"2023-05-16T15:46:27","guid":{"rendered":"https:\/\/tenado.de\/live-presentation\/"},"modified":"2026-02-26T13:22:32","modified_gmt":"2026-02-26T12:22:32","slug":"live-praesentation","status":"publish","type":"page","link":"https:\/\/tenado.de\/de\/live-praesentation\/","title":{"rendered":"Live-Pr\u00e4sentation"},"content":{"rendered":"\t\t<div data-elementor-type=\"wp-page\" data-elementor-id=\"11461\" class=\"elementor elementor-11461 elementor-11320\" data-elementor-post-type=\"page\">\n\t\t\t\t\t\t<section class=\"elementor-section elementor-top-section elementor-element elementor-element-35d5e28 elementor-section-content-middle elementor-reverse-mobile elementor-section-boxed elementor-section-height-default elementor-section-height-default\" data-id=\"35d5e28\" data-element_type=\"section\" data-e-type=\"section\">\n\t\t\t\t\t\t<div class=\"elementor-container elementor-column-gap-default\">\n\t\t\t\t\t<div class=\"elementor-column elementor-col-50 elementor-top-column elementor-element elementor-element-1352412\" data-id=\"1352412\" data-element_type=\"column\" data-e-type=\"column\">\n\t\t\t<div class=\"elementor-widget-wrap elementor-element-populated\">\n\t\t\t\t\t\t<div class=\"elementor-element elementor-element-e865be7 elementor-widget elementor-widget-heading\" data-id=\"e865be7\" data-element_type=\"widget\" data-e-type=\"widget\" data-widget_type=\"heading.default\">\n\t\t\t\t<div class=\"elementor-widget-container\">\n\t\t\t\t\t<h2 class=\"elementor-heading-title elementor-size-default\">Live-Pr\u00e4sentation<\/h2>\t\t\t\t<\/div>\n\t\t\t\t<\/div>\n\t\t\t\t<div class=\"elementor-element elementor-element-d338a86 elementor-widget elementor-widget-heading\" data-id=\"d338a86\" data-element_type=\"widget\" data-e-type=\"widget\" data-widget_type=\"heading.default\">\n\t\t\t\t<div class=\"elementor-widget-container\">\n\t\t\t\t\t<h2 class=\"elementor-heading-title elementor-size-default\">Unsere Experten zeigen Ihnen kostenlos und unverbindlich, wie die TENADO-Software funktioniert und welche Features Ihnen viel Arbeit abnehmen k\u00f6nnen. <br><br>Verf\u00fcgbar von Montag bis Freitag, 07:00\u201317:00 Uhr.<\/h2>\t\t\t\t<\/div>\n\t\t\t\t<\/div>\n\t\t\t\t\t<\/div>\n\t\t<\/div>\n\t\t\t\t<div class=\"elementor-column elementor-col-50 elementor-top-column elementor-element elementor-element-68d1907\" data-id=\"68d1907\" data-element_type=\"column\" data-e-type=\"column\">\n\t\t\t<div class=\"elementor-widget-wrap elementor-element-populated\">\n\t\t\t\t\t\t<div class=\"elementor-element elementor-element-1034178 elementor-widget elementor-widget-image\" data-id=\"1034178\" data-element_type=\"widget\" data-e-type=\"widget\" data-widget_type=\"image.default\">\n\t\t\t\t<div class=\"elementor-widget-container\">\n\t\t\t\t\t\t\t\t\t\t\t\t\t\t\t<img fetchpriority=\"high\" decoding=\"async\" width=\"687\" height=\"802\" src=\"https:\/\/tenado.de\/wp-content\/uploads\/2023\/12\/t-presentation-hero.webp\" class=\"attachment-large size-large wp-image-13642\" alt=\"\" srcset=\"https:\/\/tenado.de\/wp-content\/uploads\/2023\/12\/t-presentation-hero.webp 687w, https:\/\/tenado.de\/wp-content\/uploads\/2023\/12\/t-presentation-hero-257x300.webp 257w\" sizes=\"(max-width: 687px) 100vw, 687px\" \/>\t\t\t\t\t\t\t\t\t\t\t\t\t\t\t<\/div>\n\t\t\t\t<\/div>\n\t\t\t\t\t<\/div>\n\t\t<\/div>\n\t\t\t\t\t<\/div>\n\t\t<\/section>\n\t\t\t\t<section class=\"elementor-section elementor-top-section elementor-element elementor-element-48652a1 elementor-section-content-middle elementor-reverse-mobile elementor-section-boxed elementor-section-height-default elementor-section-height-default\" data-id=\"48652a1\" data-element_type=\"section\" data-e-type=\"section\" data-settings=\"{&quot;background_background&quot;:&quot;classic&quot;}\">\n\t\t\t\t\t\t\t<div class=\"elementor-background-overlay\"><\/div>\n\t\t\t\t\t\t\t<div class=\"elementor-container elementor-column-gap-wide\">\n\t\t\t\t\t<div class=\"elementor-column elementor-col-100 elementor-top-column elementor-element elementor-element-5ee11e0\" data-id=\"5ee11e0\" data-element_type=\"column\" data-e-type=\"column\">\n\t\t\t<div class=\"elementor-widget-wrap elementor-element-populated\">\n\t\t\t\t\t\t<div class=\"elementor-element elementor-element-954a370 elementor-widget elementor-widget-heading\" data-id=\"954a370\" data-element_type=\"widget\" data-e-type=\"widget\" data-widget_type=\"heading.default\">\n\t\t\t\t<div class=\"elementor-widget-container\">\n\t\t\t\t\t<h2 class=\"elementor-heading-title elementor-size-default\">Gucken kostet nichts!<\/h2>\t\t\t\t<\/div>\n\t\t\t\t<\/div>\n\t\t\t\t<div class=\"elementor-element elementor-element-6fe2640 elementor-widget elementor-widget-heading\" data-id=\"6fe2640\" data-element_type=\"widget\" data-e-type=\"widget\" data-widget_type=\"heading.default\">\n\t\t\t\t<div class=\"elementor-widget-container\">\n\t\t\t\t\t<h2 class=\"elementor-heading-title elementor-size-default\">TENADO Software einfach ausprobieren.<\/h2>\t\t\t\t<\/div>\n\t\t\t\t<\/div>\n\t\t\t\t<div class=\"elementor-element elementor-element-aa53cd0 elementor-widget elementor-widget-text-editor\" data-id=\"aa53cd0\" data-element_type=\"widget\" data-e-type=\"widget\" data-widget_type=\"text-editor.default\">\n\t\t\t\t<div class=\"elementor-widget-container\">\n\t\t\t\t\t\t\t\t\t<p><strong>Kostenlos, unverbindlich und mit Expertenrat<br><\/strong>Erleben Sie unsere Software kostenlos, ohne sich stundenlang durch eine Demo- oder Testversion klicken zu m\u00fcssen. Unser Experte steht Ihnen zur Verf\u00fcgung, zeigt Ihnen alles Wissenswerte und beantwortet Ihre Fragen.<\/p>\n<p><strong>Ihre Vorteile:<br><\/strong>Keine Installation, kein Lesen von Handb\u00fcchern und keine Schulungen n\u00f6tig. Sie bestimmen den Termin \u2013 den Rest erledigen wir.<\/p>\t\t\t\t\t\t\t\t<\/div>\n\t\t\t\t<\/div>\n\t\t\t\t\t<\/div>\n\t\t<\/div>\n\t\t\t\t\t<\/div>\n\t\t<\/section>\n\t\t<div class=\"elementor-element elementor-element-7730aa0 e-flex e-con-boxed e-con e-parent\" data-id=\"7730aa0\" data-element_type=\"container\" data-e-type=\"container\" data-settings=\"{&quot;background_background&quot;:&quot;classic&quot;}\">\n\t\t\t\t\t<div class=\"e-con-inner\">\n\t\t<div class=\"elementor-element elementor-element-38b345b e-flex e-con-boxed e-con e-child\" data-id=\"38b345b\" data-element_type=\"container\" data-e-type=\"container\" data-settings=\"{&quot;background_background&quot;:&quot;classic&quot;}\">\n\t\t\t\t\t<div class=\"e-con-inner\">\n\t\t\t\t<div class=\"elementor-element elementor-element-9c9597b elementor-widget elementor-widget-shortcode\" data-id=\"9c9597b\" data-element_type=\"widget\" data-e-type=\"widget\" data-widget_type=\"shortcode.default\">\n\t\t\t\t<div class=\"elementor-widget-container\">\n\t\t\t\t\t\t\t<div class=\"elementor-shortcode\">\n\t\t\t\t\t\t<script>\n\t\t\t\t\t\t\twindow.hsFormsOnReady = window.hsFormsOnReady || [];\n\t\t\t\t\t\t\twindow.hsFormsOnReady.push(()=>{\n\t\t\t\t\t\t\t\thbspt.forms.create({\n\t\t\t\t\t\t\t\t\tportalId: 4541184,\n\t\t\t\t\t\t\t\t\tformId: \"75c6b277-7d1f-48ab-8c04-c3854c80910a\",\n\t\t\t\t\t\t\t\t\ttarget: \"#hbspt-form-1777491056000-5811257408\",\n\t\t\t\t\t\t\t\t\tregion: \"na1\",\n\t\t\t\t\t\t\t\t\t\n\t\t\t\t\t\t\t})});\n\t\t\t\t\t\t<\/script>\n\t\t\t\t\t\t<div class=\"hbspt-form\" id=\"hbspt-form-1777491056000-5811257408\"><\/div><\/div>\n\t\t\t\t\t\t<\/div>\n\t\t\t\t<\/div>\n\t\t\t\t\t<\/div>\n\t\t\t\t<\/div>\n\t\t\t\t\t<\/div>\n\t\t\t\t<\/div>\n\t\t\t\t<\/div>\n\t\t","protected":false},"excerpt":{"rendered":"<p>Live-Pr\u00e4sentation Unsere Experten zeigen Ihnen kostenlos und unverbindlich, wie die TENADO-Software funktioniert und welche Features Ihnen viel Arbeit abnehmen k\u00f6nnen. Verf\u00fcgbar von Montag bis Freitag, 07:00\u201317:00 Uhr. Gucken kostet nichts! TENADO Software einfach ausprobieren. Kostenlos, unverbindlich und mit ExpertenratErleben Sie unsere Software kostenlos, ohne sich stundenlang durch eine Demo- oder Testversion klicken zu m\u00fcssen. Unser [&hellip;]<\/p>\n","protected":false},"author":12,"featured_media":0,"parent":0,"menu_order":37,"comment_status":"closed","ping_status":"closed","template":"","meta":{"content-type":"","inline_featured_image":false,"footnotes":""},"class_list":["post-11461","page","type-page","status-publish","hentry"],"yoast_head":"<!-- This site is optimized with the Yoast SEO plugin v27.5 - https:\/\/yoast.com\/product\/yoast-seo-wordpress\/ -->\n<title>Live-Pr\u00e4sentation | TENADO<\/title>\n<meta name=\"description\" content=\"Besser als eine Demoversion: In der TENADO Live-Pr\u00e4sentation zeigt Ihnen unser TENADO Experte live am Rechner, welche M\u00f6glichkeiten Sie unserer Software haben. Unverbindlich und kostenlos.\" \/>\n<meta name=\"robots\" content=\"index, follow, max-snippet:-1, max-image-preview:large, max-video-preview:-1\" \/>\n<link rel=\"canonical\" href=\"https:\/\/tenado.de\/de\/live-praesentation\/\" \/>\n<meta property=\"og:locale\" content=\"de_DE\" \/>\n<meta property=\"og:type\" content=\"article\" \/>\n<meta property=\"og:title\" content=\"Live-Pr\u00e4sentation | TENADO\" \/>\n<meta property=\"og:description\" content=\"Besser als eine Demoversion: In der TENADO Live-Pr\u00e4sentation zeigt Ihnen unser TENADO Experte live am Rechner, welche M\u00f6glichkeiten Sie unserer Software haben. Unverbindlich und kostenlos.\" \/>\n<meta property=\"og:url\" content=\"https:\/\/tenado.de\/de\/live-praesentation\/\" \/>\n<meta property=\"og:site_name\" content=\"TENADO\" \/>\n<meta property=\"article:publisher\" content=\"https:\/\/www.facebook.com\/revalize\/\" \/>\n<meta property=\"article:modified_time\" content=\"2026-02-26T12:22:32+00:00\" \/>\n<meta property=\"og:image\" content=\"https:\/\/tenado.de\/wp-content\/uploads\/2023\/12\/t-presentation-hero.webp\" \/>\n\t<meta property=\"og:image:width\" content=\"687\" \/>\n\t<meta property=\"og:image:height\" content=\"802\" \/>\n\t<meta property=\"og:image:type\" content=\"image\/webp\" \/>\n<meta name=\"twitter:card\" content=\"summary_large_image\" \/>\n<meta name=\"twitter:site\" content=\"@revalize\" \/>\n<meta name=\"twitter:label1\" content=\"Gesch\u00e4tzte Lesezeit\" \/>\n\t<meta name=\"twitter:data1\" content=\"1\u00a0Minute\" \/>\n<script type=\"application\/ld+json\" class=\"yoast-schema-graph\">{\"@context\":\"https:\\\/\\\/schema.org\",\"@graph\":[{\"@type\":\"WebPage\",\"@id\":\"https:\\\/\\\/tenado.de\\\/de\\\/live-praesentation\\\/\",\"url\":\"https:\\\/\\\/tenado.de\\\/de\\\/live-praesentation\\\/\",\"name\":\"Live-Pr\u00e4sentation | TENADO\",\"isPartOf\":{\"@id\":\"https:\\\/\\\/tenado.de\\\/de\\\/#website\"},\"primaryImageOfPage\":{\"@id\":\"https:\\\/\\\/tenado.de\\\/de\\\/live-praesentation\\\/#primaryimage\"},\"image\":{\"@id\":\"https:\\\/\\\/tenado.de\\\/de\\\/live-praesentation\\\/#primaryimage\"},\"thumbnailUrl\":\"https:\\\/\\\/tenado.de\\\/wp-content\\\/uploads\\\/2023\\\/12\\\/t-presentation-hero.webp\",\"datePublished\":\"2023-05-16T15:46:27+00:00\",\"dateModified\":\"2026-02-26T12:22:32+00:00\",\"description\":\"Besser als eine Demoversion: In der TENADO Live-Pr\u00e4sentation zeigt Ihnen unser TENADO Experte live am Rechner, welche M\u00f6glichkeiten Sie unserer Software haben. Unverbindlich und kostenlos.\",\"breadcrumb\":{\"@id\":\"https:\\\/\\\/tenado.de\\\/de\\\/live-praesentation\\\/#breadcrumb\"},\"inLanguage\":\"de\",\"potentialAction\":[{\"@type\":\"ReadAction\",\"target\":[\"https:\\\/\\\/tenado.de\\\/de\\\/live-praesentation\\\/\"]}]},{\"@type\":\"ImageObject\",\"inLanguage\":\"de\",\"@id\":\"https:\\\/\\\/tenado.de\\\/de\\\/live-praesentation\\\/#primaryimage\",\"url\":\"https:\\\/\\\/tenado.de\\\/wp-content\\\/uploads\\\/2023\\\/12\\\/t-presentation-hero.webp\",\"contentUrl\":\"https:\\\/\\\/tenado.de\\\/wp-content\\\/uploads\\\/2023\\\/12\\\/t-presentation-hero.webp\"},{\"@type\":\"BreadcrumbList\",\"@id\":\"https:\\\/\\\/tenado.de\\\/de\\\/live-praesentation\\\/#breadcrumb\",\"itemListElement\":[{\"@type\":\"ListItem\",\"position\":1,\"name\":\"Home\",\"item\":\"https:\\\/\\\/tenado.de\\\/de\\\/\"},{\"@type\":\"ListItem\",\"position\":2,\"name\":\"Live-Pr\u00e4sentation\"}]},{\"@type\":\"WebSite\",\"@id\":\"https:\\\/\\\/tenado.de\\\/de\\\/#website\",\"url\":\"https:\\\/\\\/tenado.de\\\/de\\\/\",\"name\":\"TENADO\",\"description\":\"Great Starts With\",\"publisher\":{\"@id\":\"https:\\\/\\\/tenado.de\\\/de\\\/#organization\"},\"potentialAction\":[{\"@type\":\"SearchAction\",\"target\":{\"@type\":\"EntryPoint\",\"urlTemplate\":\"https:\\\/\\\/tenado.de\\\/de\\\/?s={search_term_string}\"},\"query-input\":{\"@type\":\"PropertyValueSpecification\",\"valueRequired\":true,\"valueName\":\"search_term_string\"}}],\"inLanguage\":\"de\"},{\"@type\":\"Organization\",\"@id\":\"https:\\\/\\\/tenado.de\\\/de\\\/#organization\",\"name\":\"TENADO\",\"url\":\"https:\\\/\\\/tenado.de\\\/de\\\/\",\"logo\":{\"@type\":\"ImageObject\",\"inLanguage\":\"de\",\"@id\":\"https:\\\/\\\/tenado.de\\\/de\\\/#\\\/schema\\\/logo\\\/image\\\/\",\"url\":\"https:\\\/\\\/tenado.de\\\/wp-content\\\/uploads\\\/2023\\\/05\\\/TENADO-From-Revalize-logo.png\",\"contentUrl\":\"https:\\\/\\\/tenado.de\\\/wp-content\\\/uploads\\\/2023\\\/05\\\/TENADO-From-Revalize-logo.png\",\"width\":640,\"height\":156,\"caption\":\"TENADO\"},\"image\":{\"@id\":\"https:\\\/\\\/tenado.de\\\/de\\\/#\\\/schema\\\/logo\\\/image\\\/\"},\"sameAs\":[\"https:\\\/\\\/www.facebook.com\\\/revalize\\\/\",\"https:\\\/\\\/x.com\\\/revalize\",\"https:\\\/\\\/www.linkedin.com\\\/company\\\/revalize\\\/\"]}]}<\/script>\n<!-- \/ Yoast SEO plugin. -->","yoast_head_json":{"title":"Live-Pr\u00e4sentation | TENADO","description":"Besser als eine Demoversion: In der TENADO Live-Pr\u00e4sentation zeigt Ihnen unser TENADO Experte live am Rechner, welche M\u00f6glichkeiten Sie unserer Software haben. Unverbindlich und kostenlos.","robots":{"index":"index","follow":"follow","max-snippet":"max-snippet:-1","max-image-preview":"max-image-preview:large","max-video-preview":"max-video-preview:-1"},"canonical":"https:\/\/tenado.de\/de\/live-praesentation\/","og_locale":"de_DE","og_type":"article","og_title":"Live-Pr\u00e4sentation | TENADO","og_description":"Besser als eine Demoversion: In der TENADO Live-Pr\u00e4sentation zeigt Ihnen unser TENADO Experte live am Rechner, welche M\u00f6glichkeiten Sie unserer Software haben. Unverbindlich und kostenlos.","og_url":"https:\/\/tenado.de\/de\/live-praesentation\/","og_site_name":"TENADO","article_publisher":"https:\/\/www.facebook.com\/revalize\/","article_modified_time":"2026-02-26T12:22:32+00:00","og_image":[{"width":687,"height":802,"url":"https:\/\/tenado.de\/wp-content\/uploads\/2023\/12\/t-presentation-hero.webp","type":"image\/webp"}],"twitter_card":"summary_large_image","twitter_site":"@revalize","twitter_misc":{"Gesch\u00e4tzte Lesezeit":"1\u00a0Minute"},"schema":{"@context":"https:\/\/schema.org","@graph":[{"@type":"WebPage","@id":"https:\/\/tenado.de\/de\/live-praesentation\/","url":"https:\/\/tenado.de\/de\/live-praesentation\/","name":"Live-Pr\u00e4sentation | TENADO","isPartOf":{"@id":"https:\/\/tenado.de\/de\/#website"},"primaryImageOfPage":{"@id":"https:\/\/tenado.de\/de\/live-praesentation\/#primaryimage"},"image":{"@id":"https:\/\/tenado.de\/de\/live-praesentation\/#primaryimage"},"thumbnailUrl":"https:\/\/tenado.de\/wp-content\/uploads\/2023\/12\/t-presentation-hero.webp","datePublished":"2023-05-16T15:46:27+00:00","dateModified":"2026-02-26T12:22:32+00:00","description":"Besser als eine Demoversion: In der TENADO Live-Pr\u00e4sentation zeigt Ihnen unser TENADO Experte live am Rechner, welche M\u00f6glichkeiten Sie unserer Software haben. Unverbindlich und kostenlos.","breadcrumb":{"@id":"https:\/\/tenado.de\/de\/live-praesentation\/#breadcrumb"},"inLanguage":"de","potentialAction":[{"@type":"ReadAction","target":["https:\/\/tenado.de\/de\/live-praesentation\/"]}]},{"@type":"ImageObject","inLanguage":"de","@id":"https:\/\/tenado.de\/de\/live-praesentation\/#primaryimage","url":"https:\/\/tenado.de\/wp-content\/uploads\/2023\/12\/t-presentation-hero.webp","contentUrl":"https:\/\/tenado.de\/wp-content\/uploads\/2023\/12\/t-presentation-hero.webp"},{"@type":"BreadcrumbList","@id":"https:\/\/tenado.de\/de\/live-praesentation\/#breadcrumb","itemListElement":[{"@type":"ListItem","position":1,"name":"Home","item":"https:\/\/tenado.de\/de\/"},{"@type":"ListItem","position":2,"name":"Live-Pr\u00e4sentation"}]},{"@type":"WebSite","@id":"https:\/\/tenado.de\/de\/#website","url":"https:\/\/tenado.de\/de\/","name":"TENADO","description":"Great Starts With","publisher":{"@id":"https:\/\/tenado.de\/de\/#organization"},"potentialAction":[{"@type":"SearchAction","target":{"@type":"EntryPoint","urlTemplate":"https:\/\/tenado.de\/de\/?s={search_term_string}"},"query-input":{"@type":"PropertyValueSpecification","valueRequired":true,"valueName":"search_term_string"}}],"inLanguage":"de"},{"@type":"Organization","@id":"https:\/\/tenado.de\/de\/#organization","name":"TENADO","url":"https:\/\/tenado.de\/de\/","logo":{"@type":"ImageObject","inLanguage":"de","@id":"https:\/\/tenado.de\/de\/#\/schema\/logo\/image\/","url":"https:\/\/tenado.de\/wp-content\/uploads\/2023\/05\/TENADO-From-Revalize-logo.png","contentUrl":"https:\/\/tenado.de\/wp-content\/uploads\/2023\/05\/TENADO-From-Revalize-logo.png","width":640,"height":156,"caption":"TENADO"},"image":{"@id":"https:\/\/tenado.de\/de\/#\/schema\/logo\/image\/"},"sameAs":["https:\/\/www.facebook.com\/revalize\/","https:\/\/x.com\/revalize","https:\/\/www.linkedin.com\/company\/revalize\/"]}]}},"_links":{"self":[{"href":"https:\/\/tenado.de\/de\/wp-json\/wp\/v2\/pages\/11461","targetHints":{"allow":["GET"]}}],"collection":[{"href":"https:\/\/tenado.de\/de\/wp-json\/wp\/v2\/pages"}],"about":[{"href":"https:\/\/tenado.de\/de\/wp-json\/wp\/v2\/types\/page"}],"author":[{"embeddable":true,"href":"https:\/\/tenado.de\/de\/wp-json\/wp\/v2\/users\/12"}],"replies":[{"embeddable":true,"href":"https:\/\/tenado.de\/de\/wp-json\/wp\/v2\/comments?post=11461"}],"version-history":[{"count":0,"href":"https:\/\/tenado.de\/de\/wp-json\/wp\/v2\/pages\/11461\/revisions"}],"wp:attachment":[{"href":"https:\/\/tenado.de\/de\/wp-json\/wp\/v2\/media?parent=11461"}],"curies":[{"name":"wp","href":"https:\/\/api.w.org\/{rel}","templated":true}]}}