{"id":11448,"date":"2023-01-19T15:17:31","date_gmt":"2023-01-19T14:17:31","guid":{"rendered":"https:\/\/tenado.de\/tenado-treppe\/"},"modified":"2025-02-11T15:51:23","modified_gmt":"2025-02-11T14:51:23","slug":"tenado-treppe","status":"publish","type":"page","link":"https:\/\/tenado.de\/de\/tenado-treppe\/","title":{"rendered":"TENADO TREPPE"},"content":{"rendered":"\t\t<div data-elementor-type=\"wp-page\" data-elementor-id=\"11448\" class=\"elementor elementor-11448 elementor-9929\" data-elementor-post-type=\"page\">\n\t\t\t\t\t\t<section class=\"elementor-section elementor-top-section elementor-element elementor-element-9853dbe elementor-section-height-min-height elementor-section-boxed elementor-section-height-default elementor-section-items-middle\" data-id=\"9853dbe\" data-element_type=\"section\" data-e-type=\"section\" data-settings=\"{&quot;background_background&quot;:&quot;classic&quot;}\">\n\t\t\t\t\t\t\t<div class=\"elementor-background-overlay\"><\/div>\n\t\t\t\t\t\t\t<div class=\"elementor-container elementor-column-gap-default\">\n\t\t\t\t\t<div class=\"elementor-column elementor-col-100 elementor-top-column elementor-element elementor-element-cc6fe32\" data-id=\"cc6fe32\" data-element_type=\"column\" data-e-type=\"column\" data-settings=\"{&quot;background_background&quot;:&quot;classic&quot;}\">\n\t\t\t<div class=\"elementor-widget-wrap elementor-element-populated\">\n\t\t\t\t\t<div class=\"elementor-background-overlay\"><\/div>\n\t\t\t\t\t\t<div class=\"elementor-element elementor-element-0006610 elementor-widget elementor-widget-heading\" data-id=\"0006610\" data-element_type=\"widget\" data-e-type=\"widget\" data-widget_type=\"heading.default\">\n\t\t\t\t<div class=\"elementor-widget-container\">\n\t\t\t\t\t<h2 class=\"elementor-heading-title elementor-size-default\">Die Treppenbausoftware f\u00fcr das Metallgewerbe<\/h2>\t\t\t\t<\/div>\n\t\t\t\t<\/div>\n\t\t\t\t<div class=\"elementor-element elementor-element-5a159e1 elementor-widget elementor-widget-heading\" data-id=\"5a159e1\" data-element_type=\"widget\" data-e-type=\"widget\" data-widget_type=\"heading.default\">\n\t\t\t\t<div class=\"elementor-widget-container\">\n\t\t\t\t\t<p class=\"elementor-heading-title elementor-size-default\">Mit TENADO TREPPE erstellen Sie Wangen- und Holmtreppen im Handumdrehen. Geben Sie einfach den Treppentyp, das Material und die Ma\u00dfe an, den Rest erledigt Ihre Treppenbausoftware \u2013 zuverl\u00e4ssig und automatisch.<\/p>\t\t\t\t<\/div>\n\t\t\t\t<\/div>\n\t\t\t\t\t<\/div>\n\t\t<\/div>\n\t\t\t\t\t<\/div>\n\t\t<\/section>\n\t\t\t\t<section class=\"elementor-section elementor-top-section elementor-element elementor-element-d4248fd elementor-section-content-middle elementor-section-boxed elementor-section-height-default elementor-section-height-default\" data-id=\"d4248fd\" data-element_type=\"section\" data-e-type=\"section\">\n\t\t\t\t\t\t<div class=\"elementor-container elementor-column-gap-wider\">\n\t\t\t\t\t<div class=\"elementor-column elementor-col-100 elementor-top-column elementor-element elementor-element-0709116\" data-id=\"0709116\" data-element_type=\"column\" data-e-type=\"column\">\n\t\t\t<div class=\"elementor-widget-wrap elementor-element-populated\">\n\t\t\t\t\t\t<div class=\"elementor-element elementor-element-1d0cbfc elementor-position-left elementor-vertical-align-middle elementor-widget elementor-widget-image-box\" data-id=\"1d0cbfc\" data-element_type=\"widget\" data-e-type=\"widget\" data-widget_type=\"image-box.default\">\n\t\t\t\t<div class=\"elementor-widget-container\">\n\t\t\t\t\t<div class=\"elementor-image-box-wrapper\"><figure class=\"elementor-image-box-img\"><img fetchpriority=\"high\" decoding=\"async\" width=\"800\" height=\"460\" src=\"https:\/\/tenado.de\/wp-content\/uploads\/2023\/01\/treppe-flexable-1.png\" class=\"attachment-full size-full wp-image-9933\" alt=\"\" srcset=\"https:\/\/tenado.de\/wp-content\/uploads\/2023\/01\/treppe-flexable-1.png 800w, https:\/\/tenado.de\/wp-content\/uploads\/2023\/01\/treppe-flexable-1-300x173.png 300w, https:\/\/tenado.de\/wp-content\/uploads\/2023\/01\/treppe-flexable-1-768x442.png 768w\" sizes=\"(max-width: 800px) 100vw, 800px\" \/><\/figure><div class=\"elementor-image-box-content\"><h3 class=\"elementor-image-box-title\">Flexibel und normenkonform<\/h3><p class=\"elementor-image-box-description\">Mit TENADO TREPPE erstellen Sie Wangen- und Holmtreppen im Handumdrehen \u2013 vollautomatisch und ohne Zeichnung. Geben Sie einfach den Treppentyp, das Material und die Ma\u00dfe an, den Rest erledigt TENADO TREPPE. Sie bestimmen weiterhin alles selbst: individuelle Gel\u00e4nderkonstruktionen oder Treppen mit Profilwangen exakt nach Norm, feste Stufenbreiten und die Stufenverteilung. TENADO TREPPE macht die Konstruktion schnell und einfach.<\/p><\/div><\/div>\t\t\t\t<\/div>\n\t\t\t\t<\/div>\n\t\t\t\t<div class=\"elementor-element elementor-element-e56fc2b elementor-position-right elementor-vertical-align-middle elementor-widget elementor-widget-image-box\" data-id=\"e56fc2b\" data-element_type=\"widget\" data-e-type=\"widget\" data-widget_type=\"image-box.default\">\n\t\t\t\t<div class=\"elementor-widget-container\">\n\t\t\t\t\t<div class=\"elementor-image-box-wrapper\"><figure class=\"elementor-image-box-img\"><img decoding=\"async\" width=\"640\" height=\"460\" src=\"https:\/\/tenado.de\/wp-content\/uploads\/2023\/01\/treppe-steps.png\" class=\"attachment-full size-full wp-image-9934\" alt=\"\" srcset=\"https:\/\/tenado.de\/wp-content\/uploads\/2023\/01\/treppe-steps.png 640w, https:\/\/tenado.de\/wp-content\/uploads\/2023\/01\/treppe-steps-300x216.png 300w\" sizes=\"(max-width: 640px) 100vw, 640px\" \/><\/figure><div class=\"elementor-image-box-content\"><h3 class=\"elementor-image-box-title\">Die Treppenstufen<\/h3><p class=\"elementor-image-box-description\">Mit TENADO TREPPE k\u00f6nnen Sie die Stufenverteilung ganz einfach automatisch bestimmen oder Ihren Vorstellungen anpassen. Von der Anzahl der Stufen bis zur Breite k\u00f6nnen Sie mit TENADO TREPPE Werte flexibel festlegen oder automatisch anpassen lassen. Soll die letzte Stufe ein Podest sein, ist auch dies mit wenigen Einstellungen m\u00f6glich. Ist die Drachen- oder Spickelstufe f\u00fcr Sie zu klein? \u00c4ndern Sie einfach den Wert oder vergeben Sie ihn. Laufrichtung, Trittfl\u00e4che, Steigung, Sie bestimmen, wie die Treppe am Ende aussieht.<\/p><\/div><\/div>\t\t\t\t<\/div>\n\t\t\t\t<\/div>\n\t\t\t\t<div class=\"elementor-element elementor-element-78791c4 elementor-position-left elementor-vertical-align-middle elementor-hidden-desktop elementor-hidden-tablet elementor-hidden-mobile elementor-widget elementor-widget-image-box\" data-id=\"78791c4\" data-element_type=\"widget\" data-e-type=\"widget\" data-widget_type=\"image-box.default\">\n\t\t\t\t<div class=\"elementor-widget-container\">\n\t\t\t\t\t<div class=\"elementor-image-box-wrapper\"><figure class=\"elementor-image-box-img\"><img decoding=\"async\" width=\"560\" height=\"403\" src=\"https:\/\/tenado.de\/wp-content\/uploads\/2023\/01\/treppe-metall.jpg\" class=\"attachment-full size-full wp-image-9935\" alt=\"\" srcset=\"https:\/\/tenado.de\/wp-content\/uploads\/2023\/01\/treppe-metall.jpg 560w, https:\/\/tenado.de\/wp-content\/uploads\/2023\/01\/treppe-metall-300x216.jpg 300w\" sizes=\"(max-width: 560px) 100vw, 560px\" \/><\/figure><div class=\"elementor-image-box-content\"><h3 class=\"elementor-image-box-title\">TENADO METALL + TENADO TREPPE<\/h3><p class=\"elementor-image-box-description\">Unsere Treppenbausoftware f\u00fcr das Metallhandwerk ist das optimale ADD ON f\u00fcr TENADO METALL. Mit nur wenigen Klicks erstellen Sie Ihre Traumtreppe und f\u00fcgen mit dem Gel\u00e4ndergenerator von TENADO METALL 2D das passende Gel\u00e4nder hinzu. Alle Elemente landen automatisch in der entsprechenden Auswertung. Und wie alle anderen Daten k\u00f6nnen Sie Ihre Treppe von TENADO METALL 2D nach TENADO METALL 3D \u00fcbertragen und dort weiterbearbeiten oder Ihren Kunden in einem 3D-PDF zeigen. Das ist echte Teamarbeit, in Ihrer Werkstatt und mit TENADO TREPPE.<\/p><\/div><\/div>\t\t\t\t<\/div>\n\t\t\t\t<\/div>\n\t\t\t\t<div class=\"elementor-element elementor-element-fa523e0 elementor-position-right elementor-vertical-align-middle elementor-hidden-desktop elementor-hidden-tablet elementor-hidden-mobile elementor-widget elementor-widget-image-box\" data-id=\"fa523e0\" data-element_type=\"widget\" data-e-type=\"widget\" data-widget_type=\"image-box.default\">\n\t\t\t\t<div class=\"elementor-widget-container\">\n\t\t\t\t\t<div class=\"elementor-image-box-wrapper\"><figure class=\"elementor-image-box-img\"><img loading=\"lazy\" decoding=\"async\" width=\"1075\" height=\"760\" src=\"https:\/\/tenado.de\/wp-content\/uploads\/2023\/01\/treppe-3d-view.png\" class=\"attachment-full size-full wp-image-9936\" alt=\"\" srcset=\"https:\/\/tenado.de\/wp-content\/uploads\/2023\/01\/treppe-3d-view.png 1075w, https:\/\/tenado.de\/wp-content\/uploads\/2023\/01\/treppe-3d-view-300x212.png 300w, https:\/\/tenado.de\/wp-content\/uploads\/2023\/01\/treppe-3d-view-1024x724.png 1024w, https:\/\/tenado.de\/wp-content\/uploads\/2023\/01\/treppe-3d-view-768x543.png 768w\" sizes=\"(max-width: 1075px) 100vw, 1075px\" \/><\/figure><div class=\"elementor-image-box-content\"><h3 class=\"elementor-image-box-title\">\u00dcberzeugend sch\u00f6n<\/h3><p class=\"elementor-image-box-description\">W\u00e4hlen Sie die 3D-Ansicht und zeigen Sie Ihrem Kunden die Treppe von oben, unten, links oder rechts - mit dem Stufenmaterial Ihrer Wahl. So versteht jeder, wor\u00fcber Sie sprechen. Missverst\u00e4ndnisse sind ausgeschlossen. Nat\u00fcrlich gibt es noch die 2D-Ansicht. Sie haben immer einen klaren Blick auf den Stufenschnitt und den Holmverlauf.<\/p><\/div><\/div>\t\t\t\t<\/div>\n\t\t\t\t<\/div>\n\t\t\t\t<div class=\"elementor-element elementor-element-3297ef5 elementor-position-left elementor-vertical-align-middle elementor-widget elementor-widget-image-box\" data-id=\"3297ef5\" data-element_type=\"widget\" data-e-type=\"widget\" data-widget_type=\"image-box.default\">\n\t\t\t\t<div class=\"elementor-widget-container\">\n\t\t\t\t\t<div class=\"elementor-image-box-wrapper\"><figure class=\"elementor-image-box-img\"><img loading=\"lazy\" decoding=\"async\" width=\"640\" height=\"460\" src=\"https:\/\/tenado.de\/wp-content\/uploads\/2023\/01\/treppe-evaluation.png\" class=\"attachment-full size-full wp-image-9937\" alt=\"\" srcset=\"https:\/\/tenado.de\/wp-content\/uploads\/2023\/01\/treppe-evaluation.png 640w, https:\/\/tenado.de\/wp-content\/uploads\/2023\/01\/treppe-evaluation-300x216.png 300w\" sizes=\"(max-width: 640px) 100vw, 640px\" \/><\/figure><div class=\"elementor-image-box-content\"><h3 class=\"elementor-image-box-title\">Automatische Auswertung<\/h3><p class=\"elementor-image-box-description\">\u00dcbertragen Sie Ihre Treppe mit wenigen Klicks in TENADO METALL. Die f\u00fcr Ihren Entwurf ben\u00f6tigten Materialien erscheinen nun in der automatischen St\u00fcckliste \u2013 inklusive aller Schnittangaben und Gewichte. Die Zuschnittoptimierung \u00fcbernimmt alle wichtigen Daten. Auch der Stufenschnitt wird automatisch erstellt. Sie sehen, unsere Software nimmt Ihnen eine Menge Zeichenarbeit und Kopfzerbrechen ab.<\/p><\/div><\/div>\t\t\t\t<\/div>\n\t\t\t\t<\/div>\n\t\t\t\t\t<\/div>\n\t\t<\/div>\n\t\t\t\t\t<\/div>\n\t\t<\/section>\n\t\t<div class=\"elementor-element elementor-element-e9f5bc7 e-con-full e-flex e-con e-parent\" data-id=\"e9f5bc7\" data-element_type=\"container\" data-e-type=\"container\">\n\t\t\t\t<div class=\"elementor-element elementor-element-5196d3b elementor-widget elementor-widget-shortcode\" data-id=\"5196d3b\" data-element_type=\"widget\" data-e-type=\"widget\" data-widget_type=\"shortcode.default\">\n\t\t\t\t<div class=\"elementor-widget-container\">\n\t\t\t\t\t\t\t<div class=\"elementor-shortcode\">\t\t<div data-elementor-type=\"section\" data-elementor-id=\"13146\" class=\"elementor elementor-13146 elementor-6263 elementor-6263\" data-elementor-post-type=\"elementor_library\">\n\t\t\t<div class=\"elementor-element elementor-element-500775c e-con-full e-flex e-con e-parent\" data-id=\"500775c\" data-element_type=\"container\" data-e-type=\"container\" data-settings=\"{&quot;background_background&quot;:&quot;classic&quot;}\">\n\t\t<div class=\"elementor-element elementor-element-527f2ea e-con-full e-flex e-con e-child\" data-id=\"527f2ea\" data-element_type=\"container\" data-e-type=\"container\">\n\t\t\t\t<div class=\"elementor-element elementor-element-1712f02 elementor-widget elementor-widget-heading\" data-id=\"1712f02\" data-element_type=\"widget\" data-e-type=\"widget\" data-widget_type=\"heading.default\">\n\t\t\t\t<div class=\"elementor-widget-container\">\n\t\t\t\t\t<h2 class=\"elementor-heading-title elementor-size-default\">Verbinden Sie sich mit uns<\/h2>\t\t\t\t<\/div>\n\t\t\t\t<\/div>\n\t\t\t\t<div class=\"elementor-element elementor-element-857fbb8 elementor-widget elementor-widget-heading\" data-id=\"857fbb8\" data-element_type=\"widget\" data-e-type=\"widget\" data-widget_type=\"heading.default\">\n\t\t\t\t<div class=\"elementor-widget-container\">\n\t\t\t\t\t<h3 class=\"elementor-heading-title elementor-size-default\">Sind Sie bereit, den Wandel Ihres Unternehmens voranzutreiben?<\/h3>\t\t\t\t<\/div>\n\t\t\t\t<\/div>\n\t\t\t\t<div class=\"elementor-element elementor-element-3880775 elementor-align-center diamond-btn-light-blue elementor-widget elementor-widget-button\" data-id=\"3880775\" data-element_type=\"widget\" data-e-type=\"widget\" data-widget_type=\"button.default\">\n\t\t\t\t<div class=\"elementor-widget-container\">\n\t\t\t\t\t\t\t\t\t<div class=\"elementor-button-wrapper\">\n\t\t\t\t\t<a class=\"elementor-button elementor-button-link elementor-size-sm\" href=\"https:\/\/tenado.de\/de\/vereinbaren-sie-eine-demo\/\">\n\t\t\t\t\t\t<span class=\"elementor-button-content-wrapper\">\n\t\t\t\t\t\t\t\t\t<span class=\"elementor-button-text\">KONTAKTIEREN SIE UNS<\/span>\n\t\t\t\t\t<\/span>\n\t\t\t\t\t<\/a>\n\t\t\t\t<\/div>\n\t\t\t\t\t\t\t\t<\/div>\n\t\t\t\t<\/div>\n\t\t\t\t<\/div>\n\t\t\t\t<\/div>\n\t\t\t\t<\/div>\n\t\t<\/div>\n\t\t\t\t\t\t<\/div>\n\t\t\t\t<\/div>\n\t\t\t\t<\/div>\n\t\t\t\t<\/div>\n\t\t","protected":false},"excerpt":{"rendered":"<p>Die Treppenbausoftware f\u00fcr das Metallgewerbe Mit TENADO TREPPE erstellen Sie Wangen- und Holmtreppen im Handumdrehen. Geben Sie einfach den Treppentyp, das Material und die Ma\u00dfe an, den Rest erledigt Ihre Treppenbausoftware \u2013 zuverl\u00e4ssig und automatisch. Flexibel und normenkonform Mit TENADO TREPPE erstellen Sie Wangen- und Holmtreppen im Handumdrehen \u2013 vollautomatisch und ohne Zeichnung. Geben Sie [&hellip;]<\/p>\n","protected":false},"author":12,"featured_media":0,"parent":0,"menu_order":0,"comment_status":"closed","ping_status":"closed","template":"","meta":{"content-type":"","inline_featured_image":false,"footnotes":""},"class_list":["post-11448","page","type-page","status-publish","hentry"],"yoast_head":"<!-- This site is optimized with the Yoast SEO plugin v27.6 - https:\/\/yoast.com\/product\/yoast-seo-wordpress\/ -->\n<title>TENADO TREPPE | TENADO<\/title>\n<meta name=\"description\" content=\"TENADO TREPPE ist die Treppenbausoftware f\u00fcr das Metallhandwerk. Sie erstellen Holm- und Wangentreppen im Handumdrehen. Materialien und Treppentypen sind schon enthalten.\" \/>\n<meta name=\"robots\" content=\"index, follow, max-snippet:-1, max-image-preview:large, max-video-preview:-1\" \/>\n<link rel=\"canonical\" href=\"https:\/\/tenado.de\/de\/tenado-treppe\/\" \/>\n<meta property=\"og:locale\" content=\"de_DE\" \/>\n<meta property=\"og:type\" content=\"article\" \/>\n<meta property=\"og:title\" content=\"TENADO TREPPE | TENADO\" \/>\n<meta property=\"og:description\" content=\"TENADO TREPPE ist die Treppenbausoftware f\u00fcr das Metallhandwerk. Sie erstellen Holm- und Wangentreppen im Handumdrehen. Materialien und Treppentypen sind schon enthalten.\" \/>\n<meta property=\"og:url\" content=\"https:\/\/tenado.de\/de\/tenado-treppe\/\" \/>\n<meta property=\"og:site_name\" content=\"TENADO\" \/>\n<meta property=\"article:publisher\" content=\"https:\/\/www.facebook.com\/revalize\/\" \/>\n<meta property=\"article:modified_time\" content=\"2025-02-11T14:51:23+00:00\" \/>\n<meta property=\"og:image\" content=\"https:\/\/tenado.de\/wp-content\/uploads\/2023\/01\/treppe-flexable-1.webp\" \/>\n<meta name=\"twitter:card\" content=\"summary_large_image\" \/>\n<meta name=\"twitter:site\" content=\"@revalize\" \/>\n<meta name=\"twitter:label1\" content=\"Gesch\u00e4tzte Lesezeit\" \/>\n\t<meta name=\"twitter:data1\" content=\"3\u00a0Minuten\" \/>\n<script type=\"application\/ld+json\" class=\"yoast-schema-graph\">{\"@context\":\"https:\\\/\\\/schema.org\",\"@graph\":[{\"@type\":\"WebPage\",\"@id\":\"https:\\\/\\\/tenado.de\\\/de\\\/tenado-treppe\\\/\",\"url\":\"https:\\\/\\\/tenado.de\\\/de\\\/tenado-treppe\\\/\",\"name\":\"TENADO TREPPE | TENADO\",\"isPartOf\":{\"@id\":\"https:\\\/\\\/tenado.de\\\/de\\\/#website\"},\"primaryImageOfPage\":{\"@id\":\"https:\\\/\\\/tenado.de\\\/de\\\/tenado-treppe\\\/#primaryimage\"},\"image\":{\"@id\":\"https:\\\/\\\/tenado.de\\\/de\\\/tenado-treppe\\\/#primaryimage\"},\"thumbnailUrl\":\"https:\\\/\\\/tenado.de\\\/wp-content\\\/uploads\\\/2023\\\/01\\\/treppe-flexable-1.webp\",\"datePublished\":\"2023-01-19T14:17:31+00:00\",\"dateModified\":\"2025-02-11T14:51:23+00:00\",\"description\":\"TENADO TREPPE ist die Treppenbausoftware f\u00fcr das Metallhandwerk. Sie erstellen Holm- und Wangentreppen im Handumdrehen. Materialien und Treppentypen sind schon enthalten.\",\"breadcrumb\":{\"@id\":\"https:\\\/\\\/tenado.de\\\/de\\\/tenado-treppe\\\/#breadcrumb\"},\"inLanguage\":\"de\",\"potentialAction\":[{\"@type\":\"ReadAction\",\"target\":[\"https:\\\/\\\/tenado.de\\\/de\\\/tenado-treppe\\\/\"]}]},{\"@type\":\"ImageObject\",\"inLanguage\":\"de\",\"@id\":\"https:\\\/\\\/tenado.de\\\/de\\\/tenado-treppe\\\/#primaryimage\",\"url\":\"https:\\\/\\\/tenado.de\\\/wp-content\\\/uploads\\\/2023\\\/01\\\/treppe-flexable-1.webp\",\"contentUrl\":\"https:\\\/\\\/tenado.de\\\/wp-content\\\/uploads\\\/2023\\\/01\\\/treppe-flexable-1.webp\"},{\"@type\":\"BreadcrumbList\",\"@id\":\"https:\\\/\\\/tenado.de\\\/de\\\/tenado-treppe\\\/#breadcrumb\",\"itemListElement\":[{\"@type\":\"ListItem\",\"position\":1,\"name\":\"Home\",\"item\":\"https:\\\/\\\/tenado.de\\\/de\\\/\"},{\"@type\":\"ListItem\",\"position\":2,\"name\":\"TENADO TREPPE\"}]},{\"@type\":\"WebSite\",\"@id\":\"https:\\\/\\\/tenado.de\\\/de\\\/#website\",\"url\":\"https:\\\/\\\/tenado.de\\\/de\\\/\",\"name\":\"TENADO\",\"description\":\"Great Starts With\",\"publisher\":{\"@id\":\"https:\\\/\\\/tenado.de\\\/de\\\/#organization\"},\"potentialAction\":[{\"@type\":\"SearchAction\",\"target\":{\"@type\":\"EntryPoint\",\"urlTemplate\":\"https:\\\/\\\/tenado.de\\\/de\\\/?s={search_term_string}\"},\"query-input\":{\"@type\":\"PropertyValueSpecification\",\"valueRequired\":true,\"valueName\":\"search_term_string\"}}],\"inLanguage\":\"de\"},{\"@type\":\"Organization\",\"@id\":\"https:\\\/\\\/tenado.de\\\/de\\\/#organization\",\"name\":\"TENADO\",\"url\":\"https:\\\/\\\/tenado.de\\\/de\\\/\",\"logo\":{\"@type\":\"ImageObject\",\"inLanguage\":\"de\",\"@id\":\"https:\\\/\\\/tenado.de\\\/de\\\/#\\\/schema\\\/logo\\\/image\\\/\",\"url\":\"https:\\\/\\\/tenado.de\\\/wp-content\\\/uploads\\\/2023\\\/05\\\/TENADO-From-Revalize-logo.png\",\"contentUrl\":\"https:\\\/\\\/tenado.de\\\/wp-content\\\/uploads\\\/2023\\\/05\\\/TENADO-From-Revalize-logo.png\",\"width\":640,\"height\":156,\"caption\":\"TENADO\"},\"image\":{\"@id\":\"https:\\\/\\\/tenado.de\\\/de\\\/#\\\/schema\\\/logo\\\/image\\\/\"},\"sameAs\":[\"https:\\\/\\\/www.facebook.com\\\/revalize\\\/\",\"https:\\\/\\\/x.com\\\/revalize\",\"https:\\\/\\\/www.linkedin.com\\\/company\\\/revalize\\\/\"]}]}<\/script>\n<!-- \/ Yoast SEO plugin. -->","yoast_head_json":{"title":"TENADO TREPPE | TENADO","description":"TENADO TREPPE ist die Treppenbausoftware f\u00fcr das Metallhandwerk. Sie erstellen Holm- und Wangentreppen im Handumdrehen. Materialien und Treppentypen sind schon enthalten.","robots":{"index":"index","follow":"follow","max-snippet":"max-snippet:-1","max-image-preview":"max-image-preview:large","max-video-preview":"max-video-preview:-1"},"canonical":"https:\/\/tenado.de\/de\/tenado-treppe\/","og_locale":"de_DE","og_type":"article","og_title":"TENADO TREPPE | TENADO","og_description":"TENADO TREPPE ist die Treppenbausoftware f\u00fcr das Metallhandwerk. Sie erstellen Holm- und Wangentreppen im Handumdrehen. Materialien und Treppentypen sind schon enthalten.","og_url":"https:\/\/tenado.de\/de\/tenado-treppe\/","og_site_name":"TENADO","article_publisher":"https:\/\/www.facebook.com\/revalize\/","article_modified_time":"2025-02-11T14:51:23+00:00","og_image":[{"url":"https:\/\/tenado.de\/wp-content\/uploads\/2023\/01\/treppe-flexable-1.webp","type":"","width":"","height":""}],"twitter_card":"summary_large_image","twitter_site":"@revalize","twitter_misc":{"Gesch\u00e4tzte Lesezeit":"3\u00a0Minuten"},"schema":{"@context":"https:\/\/schema.org","@graph":[{"@type":"WebPage","@id":"https:\/\/tenado.de\/de\/tenado-treppe\/","url":"https:\/\/tenado.de\/de\/tenado-treppe\/","name":"TENADO TREPPE | TENADO","isPartOf":{"@id":"https:\/\/tenado.de\/de\/#website"},"primaryImageOfPage":{"@id":"https:\/\/tenado.de\/de\/tenado-treppe\/#primaryimage"},"image":{"@id":"https:\/\/tenado.de\/de\/tenado-treppe\/#primaryimage"},"thumbnailUrl":"https:\/\/tenado.de\/wp-content\/uploads\/2023\/01\/treppe-flexable-1.webp","datePublished":"2023-01-19T14:17:31+00:00","dateModified":"2025-02-11T14:51:23+00:00","description":"TENADO TREPPE ist die Treppenbausoftware f\u00fcr das Metallhandwerk. Sie erstellen Holm- und Wangentreppen im Handumdrehen. Materialien und Treppentypen sind schon enthalten.","breadcrumb":{"@id":"https:\/\/tenado.de\/de\/tenado-treppe\/#breadcrumb"},"inLanguage":"de","potentialAction":[{"@type":"ReadAction","target":["https:\/\/tenado.de\/de\/tenado-treppe\/"]}]},{"@type":"ImageObject","inLanguage":"de","@id":"https:\/\/tenado.de\/de\/tenado-treppe\/#primaryimage","url":"https:\/\/tenado.de\/wp-content\/uploads\/2023\/01\/treppe-flexable-1.webp","contentUrl":"https:\/\/tenado.de\/wp-content\/uploads\/2023\/01\/treppe-flexable-1.webp"},{"@type":"BreadcrumbList","@id":"https:\/\/tenado.de\/de\/tenado-treppe\/#breadcrumb","itemListElement":[{"@type":"ListItem","position":1,"name":"Home","item":"https:\/\/tenado.de\/de\/"},{"@type":"ListItem","position":2,"name":"TENADO TREPPE"}]},{"@type":"WebSite","@id":"https:\/\/tenado.de\/de\/#website","url":"https:\/\/tenado.de\/de\/","name":"TENADO","description":"Great Starts With","publisher":{"@id":"https:\/\/tenado.de\/de\/#organization"},"potentialAction":[{"@type":"SearchAction","target":{"@type":"EntryPoint","urlTemplate":"https:\/\/tenado.de\/de\/?s={search_term_string}"},"query-input":{"@type":"PropertyValueSpecification","valueRequired":true,"valueName":"search_term_string"}}],"inLanguage":"de"},{"@type":"Organization","@id":"https:\/\/tenado.de\/de\/#organization","name":"TENADO","url":"https:\/\/tenado.de\/de\/","logo":{"@type":"ImageObject","inLanguage":"de","@id":"https:\/\/tenado.de\/de\/#\/schema\/logo\/image\/","url":"https:\/\/tenado.de\/wp-content\/uploads\/2023\/05\/TENADO-From-Revalize-logo.png","contentUrl":"https:\/\/tenado.de\/wp-content\/uploads\/2023\/05\/TENADO-From-Revalize-logo.png","width":640,"height":156,"caption":"TENADO"},"image":{"@id":"https:\/\/tenado.de\/de\/#\/schema\/logo\/image\/"},"sameAs":["https:\/\/www.facebook.com\/revalize\/","https:\/\/x.com\/revalize","https:\/\/www.linkedin.com\/company\/revalize\/"]}]}},"_links":{"self":[{"href":"https:\/\/tenado.de\/de\/wp-json\/wp\/v2\/pages\/11448","targetHints":{"allow":["GET"]}}],"collection":[{"href":"https:\/\/tenado.de\/de\/wp-json\/wp\/v2\/pages"}],"about":[{"href":"https:\/\/tenado.de\/de\/wp-json\/wp\/v2\/types\/page"}],"author":[{"embeddable":true,"href":"https:\/\/tenado.de\/de\/wp-json\/wp\/v2\/users\/12"}],"replies":[{"embeddable":true,"href":"https:\/\/tenado.de\/de\/wp-json\/wp\/v2\/comments?post=11448"}],"version-history":[{"count":0,"href":"https:\/\/tenado.de\/de\/wp-json\/wp\/v2\/pages\/11448\/revisions"}],"wp:attachment":[{"href":"https:\/\/tenado.de\/de\/wp-json\/wp\/v2\/media?parent=11448"}],"curies":[{"name":"wp","href":"https:\/\/api.w.org\/{rel}","templated":true}]}}